{"id":942,"date":"2022-05-04T22:44:33","date_gmt":"2022-05-04T20:44:33","guid":{"rendered":"https:\/\/xuro.be\/?post_type=product&#038;p=942"},"modified":"2026-02-04T19:27:35","modified_gmt":"2026-02-04T18:27:35","slug":"winder","status":"publish","type":"product","link":"https:\/\/xuro.be\/index.php\/produit\/winder\/","title":{"rendered":"Winder"},"content":{"rendered":"<div style=\"width: 1280px;\" class=\"wp-video\"><video class=\"wp-video-shortcode\" id=\"video-942-1\" width=\"1280\" height=\"720\" preload=\"metadata\" controls=\"controls\"><source type=\"video\/mp4\" src=\"https:\/\/xuro.be\/wp-content\/uploads\/2022\/05\/winder-yan-dragon-coil.mp4?_=1\" \/><a href=\"https:\/\/xuro.be\/wp-content\/uploads\/2022\/05\/winder-yan-dragon-coil.mp4\">https:\/\/xuro.be\/wp-content\/uploads\/2022\/05\/winder-yan-dragon-coil.mp4<\/a><\/video><\/div>\n<p>Promis depuis tr\u00e8s longtemps, voici le Winder !<br \/>\nCr\u00e9\u00e9 pour r\u00e9pondre au besoin de tout builder, d\u00e9butant comme aguerri, le <strong>roulage des r\u00e9sistances<\/strong>, il mettra probablement vos coilmasters, pinces et tournevis.. au placard.<\/p>\n<p>L&rsquo;outil est utilisable sur <strong>visseuse<\/strong>, \u00e0 l&rsquo;aide de l&rsquo;axe de 5mm \u00e0 son extr\u00e9mit\u00e9. Sur ce dernier, vous pourrez visser une <strong>poign\u00e9e<\/strong> de 90mm de long pour l&rsquo;utiliser <strong>\u00e0 la main<\/strong>.<\/p>\n<p>Ses axes, de <strong>2.5 &#8211; 3mm &#8211; 3.5mm et 4mm<\/strong>, sont <strong>interchangeables<\/strong> et verrouill\u00e9s \u00e0 l&rsquo;aide d&rsquo;une vis. Ils sont parfaitement align\u00e9s avec les puissantes m\u00e2choires, pour fournir un roulage parfait.<\/p>\n<p>Afin de proposer un outil durable et de la qualit\u00e9, la t\u00eate de l&rsquo;outil ainsi que sa m\u00e2choire sont imprim\u00e9s en <strong>PETG europ\u00e9en<\/strong>.<\/p>\n<h3><\/h3>\n<p><a href=\"https:\/\/www.facebook.com\/yandragoncoil\/videos\/268336531919909\/\">Merci \u00e0 Yan Dragon Coil pour la r\u00e9alisation de la vid\u00e9o<\/a><\/p>\n<h3>CARACT\u00c9RISTIQUES<\/h3>\n<ul>\n<li>Mod\u00e9lis\u00e9, imprim\u00e9 et assembl\u00e9 en Belgique<\/li>\n<li>Axes en acier fournis : 2.5 &#8211; 3 &#8211; 3.5 &#8211; 4mm<\/li>\n<li>Dimensions avec la poign\u00e9e, sans axe : 28mm (diam\u00e8tre) x 144mm (hauteur)<\/li>\n<li>Dimensions de la poign\u00e9e : 28mm (dia) x 90mm (hau)<\/li>\n<li>Diam\u00e8tre de l&rsquo;axe pour mandrin : 5mm<\/li>\n<li>Longueur utile des tiges interchangeables : 70mm<\/li>\n<li>Poign\u00e9e en PLA; t\u00eate et m\u00e2choire de l&rsquo;outil en PETG<\/li>\n<li>Filament 3D d\u2019origine 100% europ\u00e9enne<\/li>\n<\/ul>\n","protected":false},"excerpt":{"rendered":"<p>Cet outil est fait pour vous faciliter la t\u00e2che lors du roulage de vos r\u00e9sistances, utilisable \u00e0 la main ou \u00e0 la visseuse.<\/p>\n","protected":false},"featured_media":943,"template":"","meta":{"site-sidebar-layout":"default","site-content-layout":"default","ast-site-content-layout":"default","site-content-style":"default","site-sidebar-style":"default","ast-global-header-display":"","ast-banner-title-visibility":"","ast-main-header-display":"","ast-hfb-above-header-display":"","ast-hfb-below-header-display":"","ast-hfb-mobile-header-display":"","site-post-title":"","ast-breadcrumbs-content":"","ast-featured-img":"","footer-sml-layout":"","theme-transparent-header-meta":"default","adv-header-id-meta":"","stick-header-meta":"","header-above-stick-meta":"","header-main-stick-meta":"","header-below-stick-meta":"","astra-migrate-meta-layouts":"set","ast-page-background-enabled":"default","ast-page-background-meta":{"desktop":{"background-color":"","background-image":"","background-repeat":"repeat","background-position":"center center","background-size":"auto","background-attachment":"scroll","background-type":"","background-media":"","overlay-type":"","overlay-color":"","overlay-opacity":"","overlay-gradient":""},"tablet":{"background-color":"","background-image":"","background-repeat":"repeat","background-position":"center center","background-size":"auto","background-attachment":"scroll","background-type":"","background-media":"","overlay-type":"","overlay-color":"","overlay-opacity":"","overlay-gradient":""},"mobile":{"background-color":"","background-image":"","background-repeat":"repeat","background-position":"center center","background-size":"auto","background-attachment":"scroll","background-type":"","background-media":"","overlay-type":"","overlay-color":"","overlay-opacity":"","overlay-gradient":""}},"ast-content-background-meta":{"desktop":{"background-color":"var(--ast-global-color-5)","background-image":"","background-repeat":"repeat","background-position":"center center","background-size":"auto","background-attachment":"scroll","background-type":"","background-media":"","overlay-type":"","overlay-color":"","overlay-opacity":"","overlay-gradient":""},"tablet":{"background-color":"var(--ast-global-color-5)","background-image":"","background-repeat":"repeat","background-position":"center center","background-size":"auto","background-attachment":"scroll","background-type":"","background-media":"","overlay-type":"","overlay-color":"","overlay-opacity":"","overlay-gradient":""},"mobile":{"background-color":"var(--ast-global-color-5)","background-image":"","background-repeat":"repeat","background-position":"center center","background-size":"auto","background-attachment":"scroll","background-type":"","background-media":"","overlay-type":"","overlay-color":"","overlay-opacity":"","overlay-gradient":""}}},"product_brand":[],"product_cat":[19],"product_tag":[],"class_list":{"0":"post-942","1":"product","2":"type-product","3":"status-publish","4":"has-post-thumbnail","6":"product_cat-accessoires","7":"desktop-align-left","8":"tablet-align-left","9":"mobile-align-left","11":"first","12":"instock","13":"sale","14":"shipping-taxable","15":"purchasable","16":"product-type-simple"},"yoast_head":"<!-- This site is optimized with the Yoast SEO plugin v27.3 - https:\/\/yoast.com\/product\/yoast-seo-wordpress\/ -->\n<title>Winder - Xuro - Outils pour coil building<\/title>\n<meta name=\"description\" content=\"D\u00e9couvrez notre outil destin\u00e9 au roulage de vos r\u00e9sistances. V\u00e9ritable Coil Master nouvelle g\u00e9n\u00e9ration, il propose des axes de 2.5 \u00e0 4mm.\" \/>\n<meta name=\"robots\" content=\"index, follow, max-snippet:-1, max-image-preview:large, max-video-preview:-1\" \/>\n<link rel=\"canonical\" href=\"https:\/\/xuro.be\/index.php\/produit\/winder\/\" \/>\n<meta property=\"og:locale\" content=\"fr_FR\" \/>\n<meta property=\"og:type\" content=\"article\" \/>\n<meta property=\"og:title\" content=\"Winder - Xuro - Outils pour coil building\" \/>\n<meta property=\"og:description\" content=\"D\u00e9couvrez notre outil destin\u00e9 au roulage de vos r\u00e9sistances. V\u00e9ritable Coil Master nouvelle g\u00e9n\u00e9ration, il propose des axes de 2.5 \u00e0 4mm.\" \/>\n<meta property=\"og:url\" content=\"https:\/\/xuro.be\/index.php\/produit\/winder\/\" \/>\n<meta property=\"og:site_name\" content=\"Xuro - Outils pour coil building\" \/>\n<meta property=\"article:publisher\" content=\"https:\/\/www.facebook.com\/xuro3D\" \/>\n<meta property=\"article:modified_time\" content=\"2026-02-04T18:27:35+00:00\" \/>\n<meta property=\"og:image\" content=\"https:\/\/xuro.be\/wp-content\/uploads\/2022\/05\/contenu.jpg\" \/>\n\t<meta property=\"og:image:width\" content=\"1000\" \/>\n\t<meta property=\"og:image:height\" content=\"1000\" \/>\n\t<meta property=\"og:image:type\" content=\"image\/jpeg\" \/>\n<meta name=\"twitter:card\" content=\"summary_large_image\" \/>\n<meta name=\"twitter:label1\" content=\"Dur\u00e9e de lecture estim\u00e9e\" \/>\n\t<meta name=\"twitter:data1\" content=\"2 minutes\" \/>\n<script type=\"application\/ld+json\" class=\"yoast-schema-graph\">{\"@context\":\"https:\\\/\\\/schema.org\",\"@graph\":[{\"@type\":\"WebPage\",\"@id\":\"https:\\\/\\\/xuro.be\\\/index.php\\\/produit\\\/winder\\\/\",\"url\":\"https:\\\/\\\/xuro.be\\\/index.php\\\/produit\\\/winder\\\/\",\"name\":\"Winder - Xuro - Outils pour coil building\",\"isPartOf\":{\"@id\":\"https:\\\/\\\/xuro.be\\\/#website\"},\"primaryImageOfPage\":{\"@id\":\"https:\\\/\\\/xuro.be\\\/index.php\\\/produit\\\/winder\\\/#primaryimage\"},\"image\":{\"@id\":\"https:\\\/\\\/xuro.be\\\/index.php\\\/produit\\\/winder\\\/#primaryimage\"},\"thumbnailUrl\":\"https:\\\/\\\/xuro.be\\\/wp-content\\\/uploads\\\/2022\\\/05\\\/contenu.jpg\",\"datePublished\":\"2022-05-04T20:44:33+00:00\",\"dateModified\":\"2026-02-04T18:27:35+00:00\",\"description\":\"D\u00e9couvrez notre outil destin\u00e9 au roulage de vos r\u00e9sistances. V\u00e9ritable Coil Master nouvelle g\u00e9n\u00e9ration, il propose des axes de 2.5 \u00e0 4mm.\",\"breadcrumb\":{\"@id\":\"https:\\\/\\\/xuro.be\\\/index.php\\\/produit\\\/winder\\\/#breadcrumb\"},\"inLanguage\":\"fr-FR\",\"potentialAction\":[{\"@type\":\"ReadAction\",\"target\":[\"https:\\\/\\\/xuro.be\\\/index.php\\\/produit\\\/winder\\\/\"]}]},{\"@type\":\"ImageObject\",\"inLanguage\":\"fr-FR\",\"@id\":\"https:\\\/\\\/xuro.be\\\/index.php\\\/produit\\\/winder\\\/#primaryimage\",\"url\":\"https:\\\/\\\/xuro.be\\\/wp-content\\\/uploads\\\/2022\\\/05\\\/contenu.jpg\",\"contentUrl\":\"https:\\\/\\\/xuro.be\\\/wp-content\\\/uploads\\\/2022\\\/05\\\/contenu.jpg\",\"width\":1000,\"height\":1000},{\"@type\":\"BreadcrumbList\",\"@id\":\"https:\\\/\\\/xuro.be\\\/index.php\\\/produit\\\/winder\\\/#breadcrumb\",\"itemListElement\":[{\"@type\":\"ListItem\",\"position\":1,\"name\":\"Accueil\",\"item\":\"https:\\\/\\\/xuro.be\\\/\"},{\"@type\":\"ListItem\",\"position\":2,\"name\":\"Nos produits\",\"item\":\"https:\\\/\\\/xuro.be\\\/index.php\\\/boutique\\\/\"},{\"@type\":\"ListItem\",\"position\":3,\"name\":\"Winder\"}]},{\"@type\":\"WebSite\",\"@id\":\"https:\\\/\\\/xuro.be\\\/#website\",\"url\":\"https:\\\/\\\/xuro.be\\\/\",\"name\":\"Xuro - Outils pour coil building\",\"description\":\"Nous proposons une large gamme d&#039;outils pour faciliter la fabrication de r\u00e9sistances.\",\"publisher\":{\"@id\":\"https:\\\/\\\/xuro.be\\\/#organization\"},\"potentialAction\":[{\"@type\":\"SearchAction\",\"target\":{\"@type\":\"EntryPoint\",\"urlTemplate\":\"https:\\\/\\\/xuro.be\\\/?s={search_term_string}\"},\"query-input\":{\"@type\":\"PropertyValueSpecification\",\"valueRequired\":true,\"valueName\":\"search_term_string\"}}],\"inLanguage\":\"fr-FR\"},{\"@type\":\"Organization\",\"@id\":\"https:\\\/\\\/xuro.be\\\/#organization\",\"name\":\"Xuro\",\"url\":\"https:\\\/\\\/xuro.be\\\/\",\"logo\":{\"@type\":\"ImageObject\",\"inLanguage\":\"fr-FR\",\"@id\":\"https:\\\/\\\/xuro.be\\\/#\\\/schema\\\/logo\\\/image\\\/\",\"url\":\"https:\\\/\\\/xuro.be\\\/wp-content\\\/uploads\\\/2020\\\/11\\\/cropped-logodroittransp.png\",\"contentUrl\":\"https:\\\/\\\/xuro.be\\\/wp-content\\\/uploads\\\/2020\\\/11\\\/cropped-logodroittransp.png\",\"width\":895,\"height\":282,\"caption\":\"Xuro\"},\"image\":{\"@id\":\"https:\\\/\\\/xuro.be\\\/#\\\/schema\\\/logo\\\/image\\\/\"},\"sameAs\":[\"https:\\\/\\\/www.facebook.com\\\/xuro3D\",\"https:\\\/\\\/www.instagram.com\\\/xuro3d\\\/\"]}]}<\/script>\n<!-- \/ Yoast SEO plugin. -->","yoast_head_json":{"title":"Winder - Xuro - Outils pour coil building","description":"D\u00e9couvrez notre outil destin\u00e9 au roulage de vos r\u00e9sistances. V\u00e9ritable Coil Master nouvelle g\u00e9n\u00e9ration, il propose des axes de 2.5 \u00e0 4mm.","robots":{"index":"index","follow":"follow","max-snippet":"max-snippet:-1","max-image-preview":"max-image-preview:large","max-video-preview":"max-video-preview:-1"},"canonical":"https:\/\/xuro.be\/index.php\/produit\/winder\/","og_locale":"fr_FR","og_type":"article","og_title":"Winder - Xuro - Outils pour coil building","og_description":"D\u00e9couvrez notre outil destin\u00e9 au roulage de vos r\u00e9sistances. V\u00e9ritable Coil Master nouvelle g\u00e9n\u00e9ration, il propose des axes de 2.5 \u00e0 4mm.","og_url":"https:\/\/xuro.be\/index.php\/produit\/winder\/","og_site_name":"Xuro - Outils pour coil building","article_publisher":"https:\/\/www.facebook.com\/xuro3D","article_modified_time":"2026-02-04T18:27:35+00:00","og_image":[{"width":1000,"height":1000,"url":"https:\/\/xuro.be\/wp-content\/uploads\/2022\/05\/contenu.jpg","type":"image\/jpeg"}],"twitter_card":"summary_large_image","twitter_misc":{"Dur\u00e9e de lecture estim\u00e9e":"2 minutes"},"schema":{"@context":"https:\/\/schema.org","@graph":[{"@type":"WebPage","@id":"https:\/\/xuro.be\/index.php\/produit\/winder\/","url":"https:\/\/xuro.be\/index.php\/produit\/winder\/","name":"Winder - Xuro - Outils pour coil building","isPartOf":{"@id":"https:\/\/xuro.be\/#website"},"primaryImageOfPage":{"@id":"https:\/\/xuro.be\/index.php\/produit\/winder\/#primaryimage"},"image":{"@id":"https:\/\/xuro.be\/index.php\/produit\/winder\/#primaryimage"},"thumbnailUrl":"https:\/\/xuro.be\/wp-content\/uploads\/2022\/05\/contenu.jpg","datePublished":"2022-05-04T20:44:33+00:00","dateModified":"2026-02-04T18:27:35+00:00","description":"D\u00e9couvrez notre outil destin\u00e9 au roulage de vos r\u00e9sistances. V\u00e9ritable Coil Master nouvelle g\u00e9n\u00e9ration, il propose des axes de 2.5 \u00e0 4mm.","breadcrumb":{"@id":"https:\/\/xuro.be\/index.php\/produit\/winder\/#breadcrumb"},"inLanguage":"fr-FR","potentialAction":[{"@type":"ReadAction","target":["https:\/\/xuro.be\/index.php\/produit\/winder\/"]}]},{"@type":"ImageObject","inLanguage":"fr-FR","@id":"https:\/\/xuro.be\/index.php\/produit\/winder\/#primaryimage","url":"https:\/\/xuro.be\/wp-content\/uploads\/2022\/05\/contenu.jpg","contentUrl":"https:\/\/xuro.be\/wp-content\/uploads\/2022\/05\/contenu.jpg","width":1000,"height":1000},{"@type":"BreadcrumbList","@id":"https:\/\/xuro.be\/index.php\/produit\/winder\/#breadcrumb","itemListElement":[{"@type":"ListItem","position":1,"name":"Accueil","item":"https:\/\/xuro.be\/"},{"@type":"ListItem","position":2,"name":"Nos produits","item":"https:\/\/xuro.be\/index.php\/boutique\/"},{"@type":"ListItem","position":3,"name":"Winder"}]},{"@type":"WebSite","@id":"https:\/\/xuro.be\/#website","url":"https:\/\/xuro.be\/","name":"Xuro - Outils pour coil building","description":"Nous proposons une large gamme d&#039;outils pour faciliter la fabrication de r\u00e9sistances.","publisher":{"@id":"https:\/\/xuro.be\/#organization"},"potentialAction":[{"@type":"SearchAction","target":{"@type":"EntryPoint","urlTemplate":"https:\/\/xuro.be\/?s={search_term_string}"},"query-input":{"@type":"PropertyValueSpecification","valueRequired":true,"valueName":"search_term_string"}}],"inLanguage":"fr-FR"},{"@type":"Organization","@id":"https:\/\/xuro.be\/#organization","name":"Xuro","url":"https:\/\/xuro.be\/","logo":{"@type":"ImageObject","inLanguage":"fr-FR","@id":"https:\/\/xuro.be\/#\/schema\/logo\/image\/","url":"https:\/\/xuro.be\/wp-content\/uploads\/2020\/11\/cropped-logodroittransp.png","contentUrl":"https:\/\/xuro.be\/wp-content\/uploads\/2020\/11\/cropped-logodroittransp.png","width":895,"height":282,"caption":"Xuro"},"image":{"@id":"https:\/\/xuro.be\/#\/schema\/logo\/image\/"},"sameAs":["https:\/\/www.facebook.com\/xuro3D","https:\/\/www.instagram.com\/xuro3d\/"]}]}},"_links":{"self":[{"href":"https:\/\/xuro.be\/index.php\/wp-json\/wp\/v2\/product\/942","targetHints":{"allow":["GET"]}}],"collection":[{"href":"https:\/\/xuro.be\/index.php\/wp-json\/wp\/v2\/product"}],"about":[{"href":"https:\/\/xuro.be\/index.php\/wp-json\/wp\/v2\/types\/product"}],"version-history":[{"count":2,"href":"https:\/\/xuro.be\/index.php\/wp-json\/wp\/v2\/product\/942\/revisions"}],"predecessor-version":[{"id":1400,"href":"https:\/\/xuro.be\/index.php\/wp-json\/wp\/v2\/product\/942\/revisions\/1400"}],"wp:featuredmedia":[{"embeddable":true,"href":"https:\/\/xuro.be\/index.php\/wp-json\/wp\/v2\/media\/943"}],"wp:attachment":[{"href":"https:\/\/xuro.be\/index.php\/wp-json\/wp\/v2\/media?parent=942"}],"wp:term":[{"taxonomy":"product_brand","embeddable":true,"href":"https:\/\/xuro.be\/index.php\/wp-json\/wp\/v2\/product_brand?post=942"},{"taxonomy":"product_cat","embeddable":true,"href":"https:\/\/xuro.be\/index.php\/wp-json\/wp\/v2\/product_cat?post=942"},{"taxonomy":"product_tag","embeddable":true,"href":"https:\/\/xuro.be\/index.php\/wp-json\/wp\/v2\/product_tag?post=942"}],"curies":[{"name":"wp","href":"https:\/\/api.w.org\/{rel}","templated":true}]}}