{"id":20,"date":"2020-10-10T20:05:51","date_gmt":"2020-10-10T18:05:51","guid":{"rendered":"http:\/\/xuro.be\/wordpress\/?post_type=product&#038;p=20"},"modified":"2025-08-26T22:54:30","modified_gmt":"2025-08-26T20:54:30","slug":"360-clip","status":"publish","type":"product","link":"https:\/\/xuro.be\/index.php\/produit\/360-clip\/","title":{"rendered":"360 Clip"},"content":{"rendered":"<h6><strong><span style=\"color: #008000;\">Nouvelle version &#8211; ao\u00fbt 2025<\/span><\/strong><\/h6>\n<p>Ces pinces sont sp\u00e9cialement con\u00e7ues pour maintenir vos fils. Celles-ci viennent centrer, et garder parall\u00e8les vos brins de fil.<br \/>\nElles sont disponibles en deux versions : avec un axe afin d&rsquo;\u00eatre pinc\u00e9e dans le mandrin de votre visseuse\/moteur, ou \u00e0 fixer directement sur un axe de 5mm de diam\u00e8tre (moteur DC).<\/p>\n<p>Le diam\u00e8tre de l&rsquo;axe pour la version mandrin visseuse\/moteur est de 4mm.<\/p>\n<h3>CARACT\u00c9RISTIQUES<\/h3>\n<ul>\n<li>Mod\u00e9lis\u00e9, imprim\u00e9 et assembl\u00e9 en Belgique<\/li>\n<li>Filament 3D d\u2019origine 100% europ\u00e9enne<\/li>\n<li>Pince sur ressort<\/li>\n<li>Insert en m\u00e9tal afin de renforcer le serrage<\/li>\n<li>Serrage via cl\u00e9 alen (fournie) afin de le faciliter, et offrir une grande r\u00e9sistance \u00e0 la tension<\/li>\n<\/ul>\n","protected":false},"excerpt":{"rendered":"<p>Ces pinces sont sp\u00e9cialement con\u00e7ues pour maintenir vos fils. Celles-ci viennent centrer, et garder parall\u00e8les vos diff\u00e9rentes \u00e2mes, du c\u00f4t\u00e9 mandrin et\/ou outil.<\/p>\n<h6><span style=\"color: #339966;\"><strong>De stock &#8211; Exp\u00e9di\u00e9 en 48 heures les jours ouvrables.<\/strong><\/span><\/h6>\n","protected":false},"featured_media":1633,"template":"","meta":{"site-sidebar-layout":"default","site-content-layout":"default","ast-site-content-layout":"default","site-content-style":"default","site-sidebar-style":"default","ast-global-header-display":"","ast-banner-title-visibility":"","ast-main-header-display":"","ast-hfb-above-header-display":"","ast-hfb-below-header-display":"","ast-hfb-mobile-header-display":"","site-post-title":"","ast-breadcrumbs-content":"","ast-featured-img":"","footer-sml-layout":"","theme-transparent-header-meta":"default","adv-header-id-meta":"","stick-header-meta":"","header-above-stick-meta":"","header-main-stick-meta":"","header-below-stick-meta":"","astra-migrate-meta-layouts":"set","ast-page-background-enabled":"default","ast-page-background-meta":{"desktop":{"background-color":"","background-image":"","background-repeat":"repeat","background-position":"center center","background-size":"auto","background-attachment":"scroll","background-type":"","background-media":"","overlay-type":"","overlay-color":"","overlay-opacity":"","overlay-gradient":""},"tablet":{"background-color":"","background-image":"","background-repeat":"repeat","background-position":"center center","background-size":"auto","background-attachment":"scroll","background-type":"","background-media":"","overlay-type":"","overlay-color":"","overlay-opacity":"","overlay-gradient":""},"mobile":{"background-color":"","background-image":"","background-repeat":"repeat","background-position":"center center","background-size":"auto","background-attachment":"scroll","background-type":"","background-media":"","overlay-type":"","overlay-color":"","overlay-opacity":"","overlay-gradient":""}},"ast-content-background-meta":{"desktop":{"background-color":"var(--ast-global-color-5)","background-image":"","background-repeat":"repeat","background-position":"center center","background-size":"auto","background-attachment":"scroll","background-type":"","background-media":"","overlay-type":"","overlay-color":"","overlay-opacity":"","overlay-gradient":""},"tablet":{"background-color":"var(--ast-global-color-5)","background-image":"","background-repeat":"repeat","background-position":"center center","background-size":"auto","background-attachment":"scroll","background-type":"","background-media":"","overlay-type":"","overlay-color":"","overlay-opacity":"","overlay-gradient":""},"mobile":{"background-color":"var(--ast-global-color-5)","background-image":"","background-repeat":"repeat","background-position":"center center","background-size":"auto","background-attachment":"scroll","background-type":"","background-media":"","overlay-type":"","overlay-color":"","overlay-opacity":"","overlay-gradient":""}}},"product_brand":[],"product_cat":[19],"product_tag":[],"class_list":{"0":"post-20","1":"product","2":"type-product","3":"status-publish","4":"has-post-thumbnail","6":"product_cat-accessoires","7":"product_shipping_class-lettre","8":"desktop-align-left","9":"tablet-align-left","10":"mobile-align-left","12":"first","13":"instock","14":"shipping-taxable","15":"purchasable","16":"product-type-variable"},"yoast_head":"<!-- This site is optimized with the Yoast SEO plugin v27.3 - https:\/\/yoast.com\/product\/yoast-seo-wordpress\/ -->\n<title>360 Clip - Xuro - Outils pour coil building<\/title>\n<meta name=\"description\" content=\"Ces pinces sont sp\u00e9cialement con\u00e7ues pour maintenir vos fils. Celles-ci viennent centrer, et garder parall\u00e8les vos diff\u00e9rentes \u00e2mes.\" \/>\n<meta name=\"robots\" content=\"index, follow, max-snippet:-1, max-image-preview:large, max-video-preview:-1\" \/>\n<link rel=\"canonical\" href=\"https:\/\/xuro.be\/index.php\/produit\/360-clip\/\" \/>\n<meta property=\"og:locale\" content=\"fr_FR\" \/>\n<meta property=\"og:type\" content=\"article\" \/>\n<meta property=\"og:title\" content=\"360 Clip - Xuro - Outils pour coil building\" \/>\n<meta property=\"og:description\" content=\"Ces pinces sont sp\u00e9cialement con\u00e7ues pour maintenir vos fils. Celles-ci viennent centrer, et garder parall\u00e8les vos diff\u00e9rentes \u00e2mes.\" \/>\n<meta property=\"og:url\" content=\"https:\/\/xuro.be\/index.php\/produit\/360-clip\/\" \/>\n<meta property=\"og:site_name\" content=\"Xuro - Outils pour coil building\" \/>\n<meta property=\"article:publisher\" content=\"https:\/\/www.facebook.com\/xuro3D\" \/>\n<meta property=\"article:modified_time\" content=\"2025-08-26T20:54:30+00:00\" \/>\n<meta property=\"og:image\" content=\"https:\/\/xuro.be\/wp-content\/uploads\/2020\/10\/miniature-produit-min.jpg\" \/>\n\t<meta property=\"og:image:width\" content=\"1080\" \/>\n\t<meta property=\"og:image:height\" content=\"1080\" \/>\n\t<meta property=\"og:image:type\" content=\"image\/jpeg\" \/>\n<meta name=\"twitter:card\" content=\"summary_large_image\" \/>\n<meta name=\"twitter:label1\" content=\"Dur\u00e9e de lecture estim\u00e9e\" \/>\n\t<meta name=\"twitter:data1\" content=\"1 minute\" \/>\n<script type=\"application\/ld+json\" class=\"yoast-schema-graph\">{\"@context\":\"https:\\\/\\\/schema.org\",\"@graph\":[{\"@type\":\"WebPage\",\"@id\":\"https:\\\/\\\/xuro.be\\\/index.php\\\/produit\\\/360-clip\\\/\",\"url\":\"https:\\\/\\\/xuro.be\\\/index.php\\\/produit\\\/360-clip\\\/\",\"name\":\"360 Clip - Xuro - Outils pour coil building\",\"isPartOf\":{\"@id\":\"https:\\\/\\\/xuro.be\\\/#website\"},\"primaryImageOfPage\":{\"@id\":\"https:\\\/\\\/xuro.be\\\/index.php\\\/produit\\\/360-clip\\\/#primaryimage\"},\"image\":{\"@id\":\"https:\\\/\\\/xuro.be\\\/index.php\\\/produit\\\/360-clip\\\/#primaryimage\"},\"thumbnailUrl\":\"https:\\\/\\\/xuro.be\\\/wp-content\\\/uploads\\\/2020\\\/10\\\/miniature-produit-min.jpg\",\"datePublished\":\"2020-10-10T18:05:51+00:00\",\"dateModified\":\"2025-08-26T20:54:30+00:00\",\"description\":\"Ces pinces sont sp\u00e9cialement con\u00e7ues pour maintenir vos fils. Celles-ci viennent centrer, et garder parall\u00e8les vos diff\u00e9rentes \u00e2mes.\",\"breadcrumb\":{\"@id\":\"https:\\\/\\\/xuro.be\\\/index.php\\\/produit\\\/360-clip\\\/#breadcrumb\"},\"inLanguage\":\"fr-FR\",\"potentialAction\":[{\"@type\":\"ReadAction\",\"target\":[\"https:\\\/\\\/xuro.be\\\/index.php\\\/produit\\\/360-clip\\\/\"]}]},{\"@type\":\"ImageObject\",\"inLanguage\":\"fr-FR\",\"@id\":\"https:\\\/\\\/xuro.be\\\/index.php\\\/produit\\\/360-clip\\\/#primaryimage\",\"url\":\"https:\\\/\\\/xuro.be\\\/wp-content\\\/uploads\\\/2020\\\/10\\\/miniature-produit-min.jpg\",\"contentUrl\":\"https:\\\/\\\/xuro.be\\\/wp-content\\\/uploads\\\/2020\\\/10\\\/miniature-produit-min.jpg\",\"width\":1080,\"height\":1080},{\"@type\":\"BreadcrumbList\",\"@id\":\"https:\\\/\\\/xuro.be\\\/index.php\\\/produit\\\/360-clip\\\/#breadcrumb\",\"itemListElement\":[{\"@type\":\"ListItem\",\"position\":1,\"name\":\"Accueil\",\"item\":\"https:\\\/\\\/xuro.be\\\/\"},{\"@type\":\"ListItem\",\"position\":2,\"name\":\"Nos produits\",\"item\":\"https:\\\/\\\/xuro.be\\\/index.php\\\/boutique\\\/\"},{\"@type\":\"ListItem\",\"position\":3,\"name\":\"360 Clip\"}]},{\"@type\":\"WebSite\",\"@id\":\"https:\\\/\\\/xuro.be\\\/#website\",\"url\":\"https:\\\/\\\/xuro.be\\\/\",\"name\":\"Xuro - Outils pour coil building\",\"description\":\"Nous proposons une large gamme d&#039;outils pour faciliter la fabrication de r\u00e9sistances.\",\"publisher\":{\"@id\":\"https:\\\/\\\/xuro.be\\\/#organization\"},\"potentialAction\":[{\"@type\":\"SearchAction\",\"target\":{\"@type\":\"EntryPoint\",\"urlTemplate\":\"https:\\\/\\\/xuro.be\\\/?s={search_term_string}\"},\"query-input\":{\"@type\":\"PropertyValueSpecification\",\"valueRequired\":true,\"valueName\":\"search_term_string\"}}],\"inLanguage\":\"fr-FR\"},{\"@type\":\"Organization\",\"@id\":\"https:\\\/\\\/xuro.be\\\/#organization\",\"name\":\"Xuro\",\"url\":\"https:\\\/\\\/xuro.be\\\/\",\"logo\":{\"@type\":\"ImageObject\",\"inLanguage\":\"fr-FR\",\"@id\":\"https:\\\/\\\/xuro.be\\\/#\\\/schema\\\/logo\\\/image\\\/\",\"url\":\"https:\\\/\\\/xuro.be\\\/wp-content\\\/uploads\\\/2020\\\/11\\\/cropped-logodroittransp.png\",\"contentUrl\":\"https:\\\/\\\/xuro.be\\\/wp-content\\\/uploads\\\/2020\\\/11\\\/cropped-logodroittransp.png\",\"width\":895,\"height\":282,\"caption\":\"Xuro\"},\"image\":{\"@id\":\"https:\\\/\\\/xuro.be\\\/#\\\/schema\\\/logo\\\/image\\\/\"},\"sameAs\":[\"https:\\\/\\\/www.facebook.com\\\/xuro3D\",\"https:\\\/\\\/www.instagram.com\\\/xuro3d\\\/\"]}]}<\/script>\n<!-- \/ Yoast SEO plugin. -->","yoast_head_json":{"title":"360 Clip - Xuro - Outils pour coil building","description":"Ces pinces sont sp\u00e9cialement con\u00e7ues pour maintenir vos fils. Celles-ci viennent centrer, et garder parall\u00e8les vos diff\u00e9rentes \u00e2mes.","robots":{"index":"index","follow":"follow","max-snippet":"max-snippet:-1","max-image-preview":"max-image-preview:large","max-video-preview":"max-video-preview:-1"},"canonical":"https:\/\/xuro.be\/index.php\/produit\/360-clip\/","og_locale":"fr_FR","og_type":"article","og_title":"360 Clip - Xuro - Outils pour coil building","og_description":"Ces pinces sont sp\u00e9cialement con\u00e7ues pour maintenir vos fils. Celles-ci viennent centrer, et garder parall\u00e8les vos diff\u00e9rentes \u00e2mes.","og_url":"https:\/\/xuro.be\/index.php\/produit\/360-clip\/","og_site_name":"Xuro - Outils pour coil building","article_publisher":"https:\/\/www.facebook.com\/xuro3D","article_modified_time":"2025-08-26T20:54:30+00:00","og_image":[{"width":1080,"height":1080,"url":"https:\/\/xuro.be\/wp-content\/uploads\/2020\/10\/miniature-produit-min.jpg","type":"image\/jpeg"}],"twitter_card":"summary_large_image","twitter_misc":{"Dur\u00e9e de lecture estim\u00e9e":"1 minute"},"schema":{"@context":"https:\/\/schema.org","@graph":[{"@type":"WebPage","@id":"https:\/\/xuro.be\/index.php\/produit\/360-clip\/","url":"https:\/\/xuro.be\/index.php\/produit\/360-clip\/","name":"360 Clip - Xuro - Outils pour coil building","isPartOf":{"@id":"https:\/\/xuro.be\/#website"},"primaryImageOfPage":{"@id":"https:\/\/xuro.be\/index.php\/produit\/360-clip\/#primaryimage"},"image":{"@id":"https:\/\/xuro.be\/index.php\/produit\/360-clip\/#primaryimage"},"thumbnailUrl":"https:\/\/xuro.be\/wp-content\/uploads\/2020\/10\/miniature-produit-min.jpg","datePublished":"2020-10-10T18:05:51+00:00","dateModified":"2025-08-26T20:54:30+00:00","description":"Ces pinces sont sp\u00e9cialement con\u00e7ues pour maintenir vos fils. Celles-ci viennent centrer, et garder parall\u00e8les vos diff\u00e9rentes \u00e2mes.","breadcrumb":{"@id":"https:\/\/xuro.be\/index.php\/produit\/360-clip\/#breadcrumb"},"inLanguage":"fr-FR","potentialAction":[{"@type":"ReadAction","target":["https:\/\/xuro.be\/index.php\/produit\/360-clip\/"]}]},{"@type":"ImageObject","inLanguage":"fr-FR","@id":"https:\/\/xuro.be\/index.php\/produit\/360-clip\/#primaryimage","url":"https:\/\/xuro.be\/wp-content\/uploads\/2020\/10\/miniature-produit-min.jpg","contentUrl":"https:\/\/xuro.be\/wp-content\/uploads\/2020\/10\/miniature-produit-min.jpg","width":1080,"height":1080},{"@type":"BreadcrumbList","@id":"https:\/\/xuro.be\/index.php\/produit\/360-clip\/#breadcrumb","itemListElement":[{"@type":"ListItem","position":1,"name":"Accueil","item":"https:\/\/xuro.be\/"},{"@type":"ListItem","position":2,"name":"Nos produits","item":"https:\/\/xuro.be\/index.php\/boutique\/"},{"@type":"ListItem","position":3,"name":"360 Clip"}]},{"@type":"WebSite","@id":"https:\/\/xuro.be\/#website","url":"https:\/\/xuro.be\/","name":"Xuro - Outils pour coil building","description":"Nous proposons une large gamme d&#039;outils pour faciliter la fabrication de r\u00e9sistances.","publisher":{"@id":"https:\/\/xuro.be\/#organization"},"potentialAction":[{"@type":"SearchAction","target":{"@type":"EntryPoint","urlTemplate":"https:\/\/xuro.be\/?s={search_term_string}"},"query-input":{"@type":"PropertyValueSpecification","valueRequired":true,"valueName":"search_term_string"}}],"inLanguage":"fr-FR"},{"@type":"Organization","@id":"https:\/\/xuro.be\/#organization","name":"Xuro","url":"https:\/\/xuro.be\/","logo":{"@type":"ImageObject","inLanguage":"fr-FR","@id":"https:\/\/xuro.be\/#\/schema\/logo\/image\/","url":"https:\/\/xuro.be\/wp-content\/uploads\/2020\/11\/cropped-logodroittransp.png","contentUrl":"https:\/\/xuro.be\/wp-content\/uploads\/2020\/11\/cropped-logodroittransp.png","width":895,"height":282,"caption":"Xuro"},"image":{"@id":"https:\/\/xuro.be\/#\/schema\/logo\/image\/"},"sameAs":["https:\/\/www.facebook.com\/xuro3D","https:\/\/www.instagram.com\/xuro3d\/"]}]}},"_links":{"self":[{"href":"https:\/\/xuro.be\/index.php\/wp-json\/wp\/v2\/product\/20","targetHints":{"allow":["GET"]}}],"collection":[{"href":"https:\/\/xuro.be\/index.php\/wp-json\/wp\/v2\/product"}],"about":[{"href":"https:\/\/xuro.be\/index.php\/wp-json\/wp\/v2\/types\/product"}],"version-history":[{"count":3,"href":"https:\/\/xuro.be\/index.php\/wp-json\/wp\/v2\/product\/20\/revisions"}],"predecessor-version":[{"id":1641,"href":"https:\/\/xuro.be\/index.php\/wp-json\/wp\/v2\/product\/20\/revisions\/1641"}],"wp:featuredmedia":[{"embeddable":true,"href":"https:\/\/xuro.be\/index.php\/wp-json\/wp\/v2\/media\/1633"}],"wp:attachment":[{"href":"https:\/\/xuro.be\/index.php\/wp-json\/wp\/v2\/media?parent=20"}],"wp:term":[{"taxonomy":"product_brand","embeddable":true,"href":"https:\/\/xuro.be\/index.php\/wp-json\/wp\/v2\/product_brand?post=20"},{"taxonomy":"product_cat","embeddable":true,"href":"https:\/\/xuro.be\/index.php\/wp-json\/wp\/v2\/product_cat?post=20"},{"taxonomy":"product_tag","embeddable":true,"href":"https:\/\/xuro.be\/index.php\/wp-json\/wp\/v2\/product_tag?post=20"}],"curies":[{"name":"wp","href":"https:\/\/api.w.org\/{rel}","templated":true}]}}