{"id":1531,"date":"2024-10-08T19:01:39","date_gmt":"2024-10-08T17:01:39","guid":{"rendered":"https:\/\/xuro.be\/?post_type=product&#038;p=1531"},"modified":"2024-10-08T19:22:40","modified_gmt":"2024-10-08T17:22:40","slug":"roulement-606-mtl-full-ceramique-fs","status":"publish","type":"product","link":"https:\/\/xuro.be\/index.php\/produit\/roulement-606-mtl-full-ceramique-fs\/","title":{"rendered":"Roulement 606 (MTL) full c\u00e9ramique FS"},"content":{"rendered":"<p><b>Attention : le 720 slider 2.0 n&rsquo;est PAS fourni, cet article est uniquement la t\u00eate interchangeable avec roulement, axe et triangle.<\/b><\/p>\n","protected":false},"excerpt":{"rendered":"<p><span style=\"color: #008000;\">Encore plus fluide que les roulements hybrides, les roulements c\u00e9ramiques offrent une rotation avec une friction r\u00e9duite, et une r\u00e9sistance et long\u00e9vit\u00e9 accrue.<\/span><\/p>\n<p>Le roulement 606 \u00e9tant plus petit, il offre de nombreux avantages aux adeptes des <strong>coils MTL<\/strong> : <strong>friction r\u00e9duite et axe de rotation plus l\u00e9ger<\/strong>. C&rsquo;est dans ces conditions qu&rsquo;il sera le plus adapt\u00e9!<\/p>\n<p>Contient : la t\u00eate interchangeable compatible 720 Slider 2.0, un roulement, un axe et un triangle.<\/p>\n","protected":false},"featured_media":1534,"template":"","meta":{"site-sidebar-layout":"default","site-content-layout":"","ast-site-content-layout":"default","site-content-style":"default","site-sidebar-style":"default","ast-global-header-display":"","ast-banner-title-visibility":"","ast-main-header-display":"","ast-hfb-above-header-display":"","ast-hfb-below-header-display":"","ast-hfb-mobile-header-display":"","site-post-title":"","ast-breadcrumbs-content":"","ast-featured-img":"","footer-sml-layout":"","theme-transparent-header-meta":"default","adv-header-id-meta":"","stick-header-meta":"","header-above-stick-meta":"","header-main-stick-meta":"","header-below-stick-meta":"","astra-migrate-meta-layouts":"set","ast-page-background-enabled":"default","ast-page-background-meta":{"desktop":{"background-color":"","background-image":"","background-repeat":"repeat","background-position":"center center","background-size":"auto","background-attachment":"scroll","background-type":"","background-media":"","overlay-type":"","overlay-color":"","overlay-opacity":"","overlay-gradient":""},"tablet":{"background-color":"","background-image":"","background-repeat":"repeat","background-position":"center center","background-size":"auto","background-attachment":"scroll","background-type":"","background-media":"","overlay-type":"","overlay-color":"","overlay-opacity":"","overlay-gradient":""},"mobile":{"background-color":"","background-image":"","background-repeat":"repeat","background-position":"center center","background-size":"auto","background-attachment":"scroll","background-type":"","background-media":"","overlay-type":"","overlay-color":"","overlay-opacity":"","overlay-gradient":""}},"ast-content-background-meta":{"desktop":{"background-color":"var(--ast-global-color-5)","background-image":"","background-repeat":"repeat","background-position":"center center","background-size":"auto","background-attachment":"scroll","background-type":"","background-media":"","overlay-type":"","overlay-color":"","overlay-opacity":"","overlay-gradient":""},"tablet":{"background-color":"var(--ast-global-color-5)","background-image":"","background-repeat":"repeat","background-position":"center center","background-size":"auto","background-attachment":"scroll","background-type":"","background-media":"","overlay-type":"","overlay-color":"","overlay-opacity":"","overlay-gradient":""},"mobile":{"background-color":"var(--ast-global-color-5)","background-image":"","background-repeat":"repeat","background-position":"center center","background-size":"auto","background-attachment":"scroll","background-type":"","background-media":"","overlay-type":"","overlay-color":"","overlay-opacity":"","overlay-gradient":""}}},"product_brand":[],"product_cat":[30],"product_tag":[],"class_list":{"0":"post-1531","1":"product","2":"type-product","3":"status-publish","4":"has-post-thumbnail","6":"product_cat-upgrade-720-slider","7":"desktop-align-left","8":"tablet-align-left","9":"mobile-align-left","11":"first","12":"instock","13":"shipping-taxable","14":"purchasable","15":"product-type-simple"},"yoast_head":"<!-- This site is optimized with the Yoast SEO plugin v27.3 - https:\/\/yoast.com\/product\/yoast-seo-wordpress\/ -->\n<title>Roulement 606 (MTL) full c\u00e9ramique FS - Xuro - Outils pour coil building<\/title>\n<meta name=\"robots\" content=\"index, follow, max-snippet:-1, max-image-preview:large, max-video-preview:-1\" \/>\n<link rel=\"canonical\" href=\"https:\/\/xuro.be\/index.php\/produit\/roulement-606-mtl-full-ceramique-fs\/\" \/>\n<meta property=\"og:locale\" content=\"fr_FR\" \/>\n<meta property=\"og:type\" content=\"article\" \/>\n<meta property=\"og:title\" content=\"Roulement 606 (MTL) full c\u00e9ramique FS - Xuro - Outils pour coil building\" \/>\n<meta property=\"og:description\" content=\"Encore plus fluide que les roulements hybrides, les roulements c\u00e9ramiques offrent une rotation avec une friction r\u00e9duite, et une r\u00e9sistance et long\u00e9vit\u00e9 accrue.  Le roulement 606 \u00e9tant plus petit, il offre de nombreux avantages aux adeptes des coils MTL : friction r\u00e9duite et axe de rotation plus l\u00e9ger. C&#039;est dans ces conditions qu&#039;il sera le plus adapt\u00e9!  Contient : la t\u00eate interchangeable compatible 720 Slider 2.0, un roulement, un axe et un triangle.\" \/>\n<meta property=\"og:url\" content=\"https:\/\/xuro.be\/index.php\/produit\/roulement-606-mtl-full-ceramique-fs\/\" \/>\n<meta property=\"og:site_name\" content=\"Xuro - Outils pour coil building\" \/>\n<meta property=\"article:publisher\" content=\"https:\/\/www.facebook.com\/xuro3D\" \/>\n<meta property=\"article:modified_time\" content=\"2024-10-08T17:22:40+00:00\" \/>\n<meta property=\"og:image\" content=\"https:\/\/xuro.be\/wp-content\/uploads\/2024\/10\/606ceramique-3.jpg\" \/>\n\t<meta property=\"og:image:width\" content=\"1000\" \/>\n\t<meta property=\"og:image:height\" content=\"1000\" \/>\n\t<meta property=\"og:image:type\" content=\"image\/jpeg\" \/>\n<meta name=\"twitter:card\" content=\"summary_large_image\" \/>\n<meta name=\"twitter:label1\" content=\"Dur\u00e9e de lecture estim\u00e9e\" \/>\n\t<meta name=\"twitter:data1\" content=\"1 minute\" \/>\n<script type=\"application\/ld+json\" class=\"yoast-schema-graph\">{\"@context\":\"https:\\\/\\\/schema.org\",\"@graph\":[{\"@type\":\"WebPage\",\"@id\":\"https:\\\/\\\/xuro.be\\\/index.php\\\/produit\\\/roulement-606-mtl-full-ceramique-fs\\\/\",\"url\":\"https:\\\/\\\/xuro.be\\\/index.php\\\/produit\\\/roulement-606-mtl-full-ceramique-fs\\\/\",\"name\":\"Roulement 606 (MTL) full c\u00e9ramique FS - Xuro - Outils pour coil building\",\"isPartOf\":{\"@id\":\"https:\\\/\\\/xuro.be\\\/#website\"},\"primaryImageOfPage\":{\"@id\":\"https:\\\/\\\/xuro.be\\\/index.php\\\/produit\\\/roulement-606-mtl-full-ceramique-fs\\\/#primaryimage\"},\"image\":{\"@id\":\"https:\\\/\\\/xuro.be\\\/index.php\\\/produit\\\/roulement-606-mtl-full-ceramique-fs\\\/#primaryimage\"},\"thumbnailUrl\":\"https:\\\/\\\/xuro.be\\\/wp-content\\\/uploads\\\/2024\\\/10\\\/606ceramique-3.jpg\",\"datePublished\":\"2024-10-08T17:01:39+00:00\",\"dateModified\":\"2024-10-08T17:22:40+00:00\",\"breadcrumb\":{\"@id\":\"https:\\\/\\\/xuro.be\\\/index.php\\\/produit\\\/roulement-606-mtl-full-ceramique-fs\\\/#breadcrumb\"},\"inLanguage\":\"fr-FR\",\"potentialAction\":[{\"@type\":\"ReadAction\",\"target\":[\"https:\\\/\\\/xuro.be\\\/index.php\\\/produit\\\/roulement-606-mtl-full-ceramique-fs\\\/\"]}]},{\"@type\":\"ImageObject\",\"inLanguage\":\"fr-FR\",\"@id\":\"https:\\\/\\\/xuro.be\\\/index.php\\\/produit\\\/roulement-606-mtl-full-ceramique-fs\\\/#primaryimage\",\"url\":\"https:\\\/\\\/xuro.be\\\/wp-content\\\/uploads\\\/2024\\\/10\\\/606ceramique-3.jpg\",\"contentUrl\":\"https:\\\/\\\/xuro.be\\\/wp-content\\\/uploads\\\/2024\\\/10\\\/606ceramique-3.jpg\",\"width\":1000,\"height\":1000},{\"@type\":\"BreadcrumbList\",\"@id\":\"https:\\\/\\\/xuro.be\\\/index.php\\\/produit\\\/roulement-606-mtl-full-ceramique-fs\\\/#breadcrumb\",\"itemListElement\":[{\"@type\":\"ListItem\",\"position\":1,\"name\":\"Accueil\",\"item\":\"https:\\\/\\\/xuro.be\\\/\"},{\"@type\":\"ListItem\",\"position\":2,\"name\":\"Nos produits\",\"item\":\"https:\\\/\\\/xuro.be\\\/index.php\\\/boutique\\\/\"},{\"@type\":\"ListItem\",\"position\":3,\"name\":\"Roulement 606 (MTL) full c\u00e9ramique FS\"}]},{\"@type\":\"WebSite\",\"@id\":\"https:\\\/\\\/xuro.be\\\/#website\",\"url\":\"https:\\\/\\\/xuro.be\\\/\",\"name\":\"Xuro - Outils pour coil building\",\"description\":\"Nous proposons une large gamme d&#039;outils pour faciliter la fabrication de r\u00e9sistances.\",\"publisher\":{\"@id\":\"https:\\\/\\\/xuro.be\\\/#organization\"},\"potentialAction\":[{\"@type\":\"SearchAction\",\"target\":{\"@type\":\"EntryPoint\",\"urlTemplate\":\"https:\\\/\\\/xuro.be\\\/?s={search_term_string}\"},\"query-input\":{\"@type\":\"PropertyValueSpecification\",\"valueRequired\":true,\"valueName\":\"search_term_string\"}}],\"inLanguage\":\"fr-FR\"},{\"@type\":\"Organization\",\"@id\":\"https:\\\/\\\/xuro.be\\\/#organization\",\"name\":\"Xuro\",\"url\":\"https:\\\/\\\/xuro.be\\\/\",\"logo\":{\"@type\":\"ImageObject\",\"inLanguage\":\"fr-FR\",\"@id\":\"https:\\\/\\\/xuro.be\\\/#\\\/schema\\\/logo\\\/image\\\/\",\"url\":\"https:\\\/\\\/xuro.be\\\/wp-content\\\/uploads\\\/2020\\\/11\\\/cropped-logodroittransp.png\",\"contentUrl\":\"https:\\\/\\\/xuro.be\\\/wp-content\\\/uploads\\\/2020\\\/11\\\/cropped-logodroittransp.png\",\"width\":895,\"height\":282,\"caption\":\"Xuro\"},\"image\":{\"@id\":\"https:\\\/\\\/xuro.be\\\/#\\\/schema\\\/logo\\\/image\\\/\"},\"sameAs\":[\"https:\\\/\\\/www.facebook.com\\\/xuro3D\",\"https:\\\/\\\/www.instagram.com\\\/xuro3d\\\/\"]}]}<\/script>\n<!-- \/ Yoast SEO plugin. -->","yoast_head_json":{"title":"Roulement 606 (MTL) full c\u00e9ramique FS - Xuro - Outils pour coil building","robots":{"index":"index","follow":"follow","max-snippet":"max-snippet:-1","max-image-preview":"max-image-preview:large","max-video-preview":"max-video-preview:-1"},"canonical":"https:\/\/xuro.be\/index.php\/produit\/roulement-606-mtl-full-ceramique-fs\/","og_locale":"fr_FR","og_type":"article","og_title":"Roulement 606 (MTL) full c\u00e9ramique FS - Xuro - Outils pour coil building","og_description":"Encore plus fluide que les roulements hybrides, les roulements c\u00e9ramiques offrent une rotation avec une friction r\u00e9duite, et une r\u00e9sistance et long\u00e9vit\u00e9 accrue.  Le roulement 606 \u00e9tant plus petit, il offre de nombreux avantages aux adeptes des coils MTL : friction r\u00e9duite et axe de rotation plus l\u00e9ger. C'est dans ces conditions qu'il sera le plus adapt\u00e9!  Contient : la t\u00eate interchangeable compatible 720 Slider 2.0, un roulement, un axe et un triangle.","og_url":"https:\/\/xuro.be\/index.php\/produit\/roulement-606-mtl-full-ceramique-fs\/","og_site_name":"Xuro - Outils pour coil building","article_publisher":"https:\/\/www.facebook.com\/xuro3D","article_modified_time":"2024-10-08T17:22:40+00:00","og_image":[{"width":1000,"height":1000,"url":"https:\/\/xuro.be\/wp-content\/uploads\/2024\/10\/606ceramique-3.jpg","type":"image\/jpeg"}],"twitter_card":"summary_large_image","twitter_misc":{"Dur\u00e9e de lecture estim\u00e9e":"1 minute"},"schema":{"@context":"https:\/\/schema.org","@graph":[{"@type":"WebPage","@id":"https:\/\/xuro.be\/index.php\/produit\/roulement-606-mtl-full-ceramique-fs\/","url":"https:\/\/xuro.be\/index.php\/produit\/roulement-606-mtl-full-ceramique-fs\/","name":"Roulement 606 (MTL) full c\u00e9ramique FS - Xuro - Outils pour coil building","isPartOf":{"@id":"https:\/\/xuro.be\/#website"},"primaryImageOfPage":{"@id":"https:\/\/xuro.be\/index.php\/produit\/roulement-606-mtl-full-ceramique-fs\/#primaryimage"},"image":{"@id":"https:\/\/xuro.be\/index.php\/produit\/roulement-606-mtl-full-ceramique-fs\/#primaryimage"},"thumbnailUrl":"https:\/\/xuro.be\/wp-content\/uploads\/2024\/10\/606ceramique-3.jpg","datePublished":"2024-10-08T17:01:39+00:00","dateModified":"2024-10-08T17:22:40+00:00","breadcrumb":{"@id":"https:\/\/xuro.be\/index.php\/produit\/roulement-606-mtl-full-ceramique-fs\/#breadcrumb"},"inLanguage":"fr-FR","potentialAction":[{"@type":"ReadAction","target":["https:\/\/xuro.be\/index.php\/produit\/roulement-606-mtl-full-ceramique-fs\/"]}]},{"@type":"ImageObject","inLanguage":"fr-FR","@id":"https:\/\/xuro.be\/index.php\/produit\/roulement-606-mtl-full-ceramique-fs\/#primaryimage","url":"https:\/\/xuro.be\/wp-content\/uploads\/2024\/10\/606ceramique-3.jpg","contentUrl":"https:\/\/xuro.be\/wp-content\/uploads\/2024\/10\/606ceramique-3.jpg","width":1000,"height":1000},{"@type":"BreadcrumbList","@id":"https:\/\/xuro.be\/index.php\/produit\/roulement-606-mtl-full-ceramique-fs\/#breadcrumb","itemListElement":[{"@type":"ListItem","position":1,"name":"Accueil","item":"https:\/\/xuro.be\/"},{"@type":"ListItem","position":2,"name":"Nos produits","item":"https:\/\/xuro.be\/index.php\/boutique\/"},{"@type":"ListItem","position":3,"name":"Roulement 606 (MTL) full c\u00e9ramique FS"}]},{"@type":"WebSite","@id":"https:\/\/xuro.be\/#website","url":"https:\/\/xuro.be\/","name":"Xuro - Outils pour coil building","description":"Nous proposons une large gamme d&#039;outils pour faciliter la fabrication de r\u00e9sistances.","publisher":{"@id":"https:\/\/xuro.be\/#organization"},"potentialAction":[{"@type":"SearchAction","target":{"@type":"EntryPoint","urlTemplate":"https:\/\/xuro.be\/?s={search_term_string}"},"query-input":{"@type":"PropertyValueSpecification","valueRequired":true,"valueName":"search_term_string"}}],"inLanguage":"fr-FR"},{"@type":"Organization","@id":"https:\/\/xuro.be\/#organization","name":"Xuro","url":"https:\/\/xuro.be\/","logo":{"@type":"ImageObject","inLanguage":"fr-FR","@id":"https:\/\/xuro.be\/#\/schema\/logo\/image\/","url":"https:\/\/xuro.be\/wp-content\/uploads\/2020\/11\/cropped-logodroittransp.png","contentUrl":"https:\/\/xuro.be\/wp-content\/uploads\/2020\/11\/cropped-logodroittransp.png","width":895,"height":282,"caption":"Xuro"},"image":{"@id":"https:\/\/xuro.be\/#\/schema\/logo\/image\/"},"sameAs":["https:\/\/www.facebook.com\/xuro3D","https:\/\/www.instagram.com\/xuro3d\/"]}]}},"_links":{"self":[{"href":"https:\/\/xuro.be\/index.php\/wp-json\/wp\/v2\/product\/1531","targetHints":{"allow":["GET"]}}],"collection":[{"href":"https:\/\/xuro.be\/index.php\/wp-json\/wp\/v2\/product"}],"about":[{"href":"https:\/\/xuro.be\/index.php\/wp-json\/wp\/v2\/types\/product"}],"version-history":[{"count":2,"href":"https:\/\/xuro.be\/index.php\/wp-json\/wp\/v2\/product\/1531\/revisions"}],"predecessor-version":[{"id":1536,"href":"https:\/\/xuro.be\/index.php\/wp-json\/wp\/v2\/product\/1531\/revisions\/1536"}],"wp:featuredmedia":[{"embeddable":true,"href":"https:\/\/xuro.be\/index.php\/wp-json\/wp\/v2\/media\/1534"}],"wp:attachment":[{"href":"https:\/\/xuro.be\/index.php\/wp-json\/wp\/v2\/media?parent=1531"}],"wp:term":[{"taxonomy":"product_brand","embeddable":true,"href":"https:\/\/xuro.be\/index.php\/wp-json\/wp\/v2\/product_brand?post=1531"},{"taxonomy":"product_cat","embeddable":true,"href":"https:\/\/xuro.be\/index.php\/wp-json\/wp\/v2\/product_cat?post=1531"},{"taxonomy":"product_tag","embeddable":true,"href":"https:\/\/xuro.be\/index.php\/wp-json\/wp\/v2\/product_tag?post=1531"}],"curies":[{"name":"wp","href":"https:\/\/api.w.org\/{rel}","templated":true}]}}