{"id":1427,"date":"2024-07-29T20:18:34","date_gmt":"2024-07-29T18:18:34","guid":{"rendered":"https:\/\/xuro.be\/?post_type=product&#038;p=1427"},"modified":"2024-10-27T19:33:48","modified_gmt":"2024-10-27T18:33:48","slug":"720-slider-2-0","status":"publish","type":"product","link":"https:\/\/xuro.be\/index.php\/produit\/720-slider-2-0\/","title":{"rendered":"720 Slider 2.0"},"content":{"rendered":"<p>Mod\u00e8le phare de nos outils, le 720 Slider est pass\u00e9 par de nombreuses versions et am\u00e9liorations depuis sa sortie en <strong>2017<\/strong>..<\/p>\n<p><strong>T\u00eates interchangeables sans tournevis, gestion de la hauteur<\/strong> pour un alignement parfait avec votre moteur, <strong>gestion de la tension<\/strong> pr\u00e9cise et facile, <strong>fixation solide<\/strong>.<\/p>\n<p><span style=\"color: #000000;\"><strong>Fourni AVEC son serre-joint !<\/strong><\/span><\/p>\n<p><strong>&gt; Roulement 608 hybride<\/strong><\/p>\n<p>Setup le plus classique et r\u00e9pandu, il sera \u00e0 l&rsquo;aise pour tous vos builds. Il sera le plus adapt\u00e9 pour des <strong>dimensions r\u00e9guli\u00e8res (24\/26\/28Ga..)<\/strong>.<\/p>\n<p style=\"text-align: left;\"><strong>&gt; Rotation avec aimant<\/strong><br \/>\nSans frottement, les aimants offrent une <strong>nouvelle approche<\/strong> au build. La tension sur les \u00e2mes est adaptable via la quantit\u00e9 d\u2019aimant, modulable, pr\u00e9sente dans la t\u00eate.<\/p>\n<ul>\n<li>Aimant n\u00e9odymes tr\u00e8s puissants, et de qualit\u00e9<\/li>\n<li>3 aimants dans la partie en suspension et rotative, pouvant \u00eatre retir\u00e9 pour ajuster la tension (1 \u2013 2 ou 3 aimants)<\/li>\n<li>Partie fixe comprenant un seul aimant ayant une force de traction sup\u00e9rieure \u00e0 15kg<\/li>\n<\/ul>\n<p>&gt; <strong>Envie d&rsquo;aller plus loin ? MTL, roulement full c\u00e9ramique&#8230;<\/strong><\/p>\n<p><strong>D\u00e9couvrez toutes les options de roulement et aimant dans la <a href=\"https:\/\/xuro.be\/index.php\/categorie-produit\/720-slider\/upgrade-720-slider\/\">cat\u00e9gorie UPGRADE<\/a> !<\/strong><\/p>\n<h3>CARACT\u00c9RISTIQUES<\/h3>\n<ul>\n<li>Mod\u00e9lis\u00e9, imprim\u00e9 et assembl\u00e9 en Belgique<\/li>\n<li>Ajustement de l&rsquo;orientation de l&rsquo;axe<\/li>\n<li>Gestion de la tension sur les \u00e2mes<\/li>\n<li><strong><span style=\"color: #117dfb;\">Nouveaut\u00e9 :<\/span> <\/strong>chariot mont\u00e9 sur ressort<\/li>\n<li><strong><span style=\"color: #117dfb;\">Nouveaut\u00e9 :<\/span> <\/strong>Fourni avec axe PETG de rechange<\/li>\n<li>Roulement <strong>hybride c\u00e9ramique haute qualit\u00e9<\/strong><\/li>\n<li>Fixation r\u00e9sistante via 6 trous, ou avec un serre-joint via le rajout d&rsquo;une pi\u00e8ce (fournie) dans la base<\/li>\n<\/ul>\n<p><em>L&rsquo;utilisation de ce produit engage votre responsabilit\u00e9. Le port d&rsquo;\u00e9quipement de s\u00e9curit\u00e9, notamment des lunettes de protection est vivement recommand\u00e9 pour la fabrication de coils. En achetant cet article, vous acceptez que Xuro ne soit pas responsable des dommages pouvant r\u00e9sulter de l&rsquo;utilisation, ou de la mauvaise utilisation de ce produit.<\/em><\/p>\n","protected":false},"excerpt":{"rendered":"<p>L&rsquo;outil parfait pour le coil builder amateur ou avanc\u00e9 ! Profitez d&rsquo;une fixation solide, d&rsquo;un ajustement pr\u00e9cis de la hauteur et de la tension pour \u00eatre dans les meilleurs conditions pour fabriquer vos coils.<\/p>\n<p><strong>La grande nouveaut\u00e9<\/strong> : passez du roulement 608, au roulement MTL ou \u00e0 la rotation par aimant en un tour de main : plus besoin de tournevis pour changer de t\u00eate de rotation !<\/p>\n<h3><a href=\"https:\/\/xuro.be\/index.php\/categorie-produit\/720-slider\/upgrade-720-slider\/\">D\u00e9couvrez toutes les options de rotation (roulements MTL, aimants, c\u00e9ramique&#8230;) dans la cat\u00e9gorie UPGRADE !\u00a0<\/a><\/h3>\n<p>&nbsp;<\/p>\n<h5><span style=\"color: #008000;\"><strong>* En stock &#8211; exp\u00e9di\u00e9 sous 48h *<\/strong><\/span><\/h5>\n","protected":false},"featured_media":1461,"template":"","meta":{"site-sidebar-layout":"default","site-content-layout":"default","ast-site-content-layout":"default","site-content-style":"default","site-sidebar-style":"default","ast-global-header-display":"","ast-banner-title-visibility":"","ast-main-header-display":"","ast-hfb-above-header-display":"","ast-hfb-below-header-display":"","ast-hfb-mobile-header-display":"","site-post-title":"","ast-breadcrumbs-content":"","ast-featured-img":"","footer-sml-layout":"","theme-transparent-header-meta":"default","adv-header-id-meta":"","stick-header-meta":"","header-above-stick-meta":"","header-main-stick-meta":"","header-below-stick-meta":"","astra-migrate-meta-layouts":"set","ast-page-background-enabled":"default","ast-page-background-meta":{"desktop":{"background-color":"","background-image":"","background-repeat":"repeat","background-position":"center center","background-size":"auto","background-attachment":"scroll","background-type":"","background-media":"","overlay-type":"","overlay-color":"","overlay-opacity":"","overlay-gradient":""},"tablet":{"background-color":"","background-image":"","background-repeat":"repeat","background-position":"center center","background-size":"auto","background-attachment":"scroll","background-type":"","background-media":"","overlay-type":"","overlay-color":"","overlay-opacity":"","overlay-gradient":""},"mobile":{"background-color":"","background-image":"","background-repeat":"repeat","background-position":"center center","background-size":"auto","background-attachment":"scroll","background-type":"","background-media":"","overlay-type":"","overlay-color":"","overlay-opacity":"","overlay-gradient":""}},"ast-content-background-meta":{"desktop":{"background-color":"var(--ast-global-color-5)","background-image":"","background-repeat":"repeat","background-position":"center center","background-size":"auto","background-attachment":"scroll","background-type":"","background-media":"","overlay-type":"","overlay-color":"","overlay-opacity":"","overlay-gradient":""},"tablet":{"background-color":"var(--ast-global-color-5)","background-image":"","background-repeat":"repeat","background-position":"center center","background-size":"auto","background-attachment":"scroll","background-type":"","background-media":"","overlay-type":"","overlay-color":"","overlay-opacity":"","overlay-gradient":""},"mobile":{"background-color":"var(--ast-global-color-5)","background-image":"","background-repeat":"repeat","background-position":"center center","background-size":"auto","background-attachment":"scroll","background-type":"","background-media":"","overlay-type":"","overlay-color":"","overlay-opacity":"","overlay-gradient":""}}},"product_brand":[],"product_cat":[16],"product_tag":[],"class_list":{"0":"post-1427","1":"product","2":"type-product","3":"status-publish","4":"has-post-thumbnail","6":"product_cat-720-slider","7":"product_shipping_class-no-lettre","8":"desktop-align-left","9":"tablet-align-left","10":"mobile-align-left","12":"first","13":"instock","14":"shipping-taxable","15":"purchasable","16":"product-type-variable","17":"has-default-attributes"},"yoast_head":"<!-- This site is optimized with the Yoast SEO plugin v27.3 - https:\/\/yoast.com\/product\/yoast-seo-wordpress\/ -->\n<title>720 Slider 2.0 - Xuro - Outils pour coil building<\/title>\n<meta name=\"description\" content=\"Cet outil, avec rotation \u00e0 roulement ou aimant, poss\u00e8de de nombreuses options afin de vous \u00e9quiper parfaitement pour le coil building !\" \/>\n<meta name=\"robots\" content=\"index, follow, max-snippet:-1, max-image-preview:large, max-video-preview:-1\" \/>\n<link rel=\"canonical\" href=\"https:\/\/xuro.be\/index.php\/produit\/720-slider-2-0\/\" \/>\n<meta property=\"og:locale\" content=\"fr_FR\" \/>\n<meta property=\"og:type\" content=\"article\" \/>\n<meta property=\"og:title\" content=\"720 Slider 2.0 - Xuro - Outils pour coil building\" \/>\n<meta property=\"og:description\" content=\"Cet outil, avec rotation \u00e0 roulement ou aimant, poss\u00e8de de nombreuses options afin de vous \u00e9quiper parfaitement pour le coil building !\" \/>\n<meta property=\"og:url\" content=\"https:\/\/xuro.be\/index.php\/produit\/720-slider-2-0\/\" \/>\n<meta property=\"og:site_name\" content=\"Xuro - Outils pour coil building\" \/>\n<meta property=\"article:publisher\" content=\"https:\/\/www.facebook.com\/xuro3D\" \/>\n<meta property=\"article:modified_time\" content=\"2024-10-27T18:33:48+00:00\" \/>\n<meta property=\"og:image\" content=\"https:\/\/xuro.be\/wp-content\/uploads\/2024\/07\/outil-full-1.jpg\" \/>\n\t<meta property=\"og:image:width\" content=\"1000\" \/>\n\t<meta property=\"og:image:height\" content=\"1000\" \/>\n\t<meta property=\"og:image:type\" content=\"image\/jpeg\" \/>\n<meta name=\"twitter:card\" content=\"summary_large_image\" \/>\n<meta name=\"twitter:label1\" content=\"Dur\u00e9e de lecture estim\u00e9e\" \/>\n\t<meta name=\"twitter:data1\" content=\"2 minutes\" \/>\n<script type=\"application\/ld+json\" class=\"yoast-schema-graph\">{\"@context\":\"https:\\\/\\\/schema.org\",\"@graph\":[{\"@type\":\"WebPage\",\"@id\":\"https:\\\/\\\/xuro.be\\\/index.php\\\/produit\\\/720-slider-2-0\\\/\",\"url\":\"https:\\\/\\\/xuro.be\\\/index.php\\\/produit\\\/720-slider-2-0\\\/\",\"name\":\"720 Slider 2.0 - Xuro - Outils pour coil building\",\"isPartOf\":{\"@id\":\"https:\\\/\\\/xuro.be\\\/#website\"},\"primaryImageOfPage\":{\"@id\":\"https:\\\/\\\/xuro.be\\\/index.php\\\/produit\\\/720-slider-2-0\\\/#primaryimage\"},\"image\":{\"@id\":\"https:\\\/\\\/xuro.be\\\/index.php\\\/produit\\\/720-slider-2-0\\\/#primaryimage\"},\"thumbnailUrl\":\"https:\\\/\\\/xuro.be\\\/wp-content\\\/uploads\\\/2024\\\/07\\\/outil-full-1.jpg\",\"datePublished\":\"2024-07-29T18:18:34+00:00\",\"dateModified\":\"2024-10-27T18:33:48+00:00\",\"description\":\"Cet outil, avec rotation \u00e0 roulement ou aimant, poss\u00e8de de nombreuses options afin de vous \u00e9quiper parfaitement pour le coil building !\",\"breadcrumb\":{\"@id\":\"https:\\\/\\\/xuro.be\\\/index.php\\\/produit\\\/720-slider-2-0\\\/#breadcrumb\"},\"inLanguage\":\"fr-FR\",\"potentialAction\":[{\"@type\":\"ReadAction\",\"target\":[\"https:\\\/\\\/xuro.be\\\/index.php\\\/produit\\\/720-slider-2-0\\\/\"]}]},{\"@type\":\"ImageObject\",\"inLanguage\":\"fr-FR\",\"@id\":\"https:\\\/\\\/xuro.be\\\/index.php\\\/produit\\\/720-slider-2-0\\\/#primaryimage\",\"url\":\"https:\\\/\\\/xuro.be\\\/wp-content\\\/uploads\\\/2024\\\/07\\\/outil-full-1.jpg\",\"contentUrl\":\"https:\\\/\\\/xuro.be\\\/wp-content\\\/uploads\\\/2024\\\/07\\\/outil-full-1.jpg\",\"width\":1000,\"height\":1000},{\"@type\":\"BreadcrumbList\",\"@id\":\"https:\\\/\\\/xuro.be\\\/index.php\\\/produit\\\/720-slider-2-0\\\/#breadcrumb\",\"itemListElement\":[{\"@type\":\"ListItem\",\"position\":1,\"name\":\"Accueil\",\"item\":\"https:\\\/\\\/xuro.be\\\/\"},{\"@type\":\"ListItem\",\"position\":2,\"name\":\"Nos produits\",\"item\":\"https:\\\/\\\/xuro.be\\\/index.php\\\/boutique\\\/\"},{\"@type\":\"ListItem\",\"position\":3,\"name\":\"720 Slider 2.0\"}]},{\"@type\":\"WebSite\",\"@id\":\"https:\\\/\\\/xuro.be\\\/#website\",\"url\":\"https:\\\/\\\/xuro.be\\\/\",\"name\":\"Xuro - Outils pour coil building\",\"description\":\"Nous proposons une large gamme d&#039;outils pour faciliter la fabrication de r\u00e9sistances.\",\"publisher\":{\"@id\":\"https:\\\/\\\/xuro.be\\\/#organization\"},\"potentialAction\":[{\"@type\":\"SearchAction\",\"target\":{\"@type\":\"EntryPoint\",\"urlTemplate\":\"https:\\\/\\\/xuro.be\\\/?s={search_term_string}\"},\"query-input\":{\"@type\":\"PropertyValueSpecification\",\"valueRequired\":true,\"valueName\":\"search_term_string\"}}],\"inLanguage\":\"fr-FR\"},{\"@type\":\"Organization\",\"@id\":\"https:\\\/\\\/xuro.be\\\/#organization\",\"name\":\"Xuro\",\"url\":\"https:\\\/\\\/xuro.be\\\/\",\"logo\":{\"@type\":\"ImageObject\",\"inLanguage\":\"fr-FR\",\"@id\":\"https:\\\/\\\/xuro.be\\\/#\\\/schema\\\/logo\\\/image\\\/\",\"url\":\"https:\\\/\\\/xuro.be\\\/wp-content\\\/uploads\\\/2020\\\/11\\\/cropped-logodroittransp.png\",\"contentUrl\":\"https:\\\/\\\/xuro.be\\\/wp-content\\\/uploads\\\/2020\\\/11\\\/cropped-logodroittransp.png\",\"width\":895,\"height\":282,\"caption\":\"Xuro\"},\"image\":{\"@id\":\"https:\\\/\\\/xuro.be\\\/#\\\/schema\\\/logo\\\/image\\\/\"},\"sameAs\":[\"https:\\\/\\\/www.facebook.com\\\/xuro3D\",\"https:\\\/\\\/www.instagram.com\\\/xuro3d\\\/\"]}]}<\/script>\n<!-- \/ Yoast SEO plugin. -->","yoast_head_json":{"title":"720 Slider 2.0 - Xuro - Outils pour coil building","description":"Cet outil, avec rotation \u00e0 roulement ou aimant, poss\u00e8de de nombreuses options afin de vous \u00e9quiper parfaitement pour le coil building !","robots":{"index":"index","follow":"follow","max-snippet":"max-snippet:-1","max-image-preview":"max-image-preview:large","max-video-preview":"max-video-preview:-1"},"canonical":"https:\/\/xuro.be\/index.php\/produit\/720-slider-2-0\/","og_locale":"fr_FR","og_type":"article","og_title":"720 Slider 2.0 - Xuro - Outils pour coil building","og_description":"Cet outil, avec rotation \u00e0 roulement ou aimant, poss\u00e8de de nombreuses options afin de vous \u00e9quiper parfaitement pour le coil building !","og_url":"https:\/\/xuro.be\/index.php\/produit\/720-slider-2-0\/","og_site_name":"Xuro - Outils pour coil building","article_publisher":"https:\/\/www.facebook.com\/xuro3D","article_modified_time":"2024-10-27T18:33:48+00:00","og_image":[{"width":1000,"height":1000,"url":"https:\/\/xuro.be\/wp-content\/uploads\/2024\/07\/outil-full-1.jpg","type":"image\/jpeg"}],"twitter_card":"summary_large_image","twitter_misc":{"Dur\u00e9e de lecture estim\u00e9e":"2 minutes"},"schema":{"@context":"https:\/\/schema.org","@graph":[{"@type":"WebPage","@id":"https:\/\/xuro.be\/index.php\/produit\/720-slider-2-0\/","url":"https:\/\/xuro.be\/index.php\/produit\/720-slider-2-0\/","name":"720 Slider 2.0 - Xuro - Outils pour coil building","isPartOf":{"@id":"https:\/\/xuro.be\/#website"},"primaryImageOfPage":{"@id":"https:\/\/xuro.be\/index.php\/produit\/720-slider-2-0\/#primaryimage"},"image":{"@id":"https:\/\/xuro.be\/index.php\/produit\/720-slider-2-0\/#primaryimage"},"thumbnailUrl":"https:\/\/xuro.be\/wp-content\/uploads\/2024\/07\/outil-full-1.jpg","datePublished":"2024-07-29T18:18:34+00:00","dateModified":"2024-10-27T18:33:48+00:00","description":"Cet outil, avec rotation \u00e0 roulement ou aimant, poss\u00e8de de nombreuses options afin de vous \u00e9quiper parfaitement pour le coil building !","breadcrumb":{"@id":"https:\/\/xuro.be\/index.php\/produit\/720-slider-2-0\/#breadcrumb"},"inLanguage":"fr-FR","potentialAction":[{"@type":"ReadAction","target":["https:\/\/xuro.be\/index.php\/produit\/720-slider-2-0\/"]}]},{"@type":"ImageObject","inLanguage":"fr-FR","@id":"https:\/\/xuro.be\/index.php\/produit\/720-slider-2-0\/#primaryimage","url":"https:\/\/xuro.be\/wp-content\/uploads\/2024\/07\/outil-full-1.jpg","contentUrl":"https:\/\/xuro.be\/wp-content\/uploads\/2024\/07\/outil-full-1.jpg","width":1000,"height":1000},{"@type":"BreadcrumbList","@id":"https:\/\/xuro.be\/index.php\/produit\/720-slider-2-0\/#breadcrumb","itemListElement":[{"@type":"ListItem","position":1,"name":"Accueil","item":"https:\/\/xuro.be\/"},{"@type":"ListItem","position":2,"name":"Nos produits","item":"https:\/\/xuro.be\/index.php\/boutique\/"},{"@type":"ListItem","position":3,"name":"720 Slider 2.0"}]},{"@type":"WebSite","@id":"https:\/\/xuro.be\/#website","url":"https:\/\/xuro.be\/","name":"Xuro - Outils pour coil building","description":"Nous proposons une large gamme d&#039;outils pour faciliter la fabrication de r\u00e9sistances.","publisher":{"@id":"https:\/\/xuro.be\/#organization"},"potentialAction":[{"@type":"SearchAction","target":{"@type":"EntryPoint","urlTemplate":"https:\/\/xuro.be\/?s={search_term_string}"},"query-input":{"@type":"PropertyValueSpecification","valueRequired":true,"valueName":"search_term_string"}}],"inLanguage":"fr-FR"},{"@type":"Organization","@id":"https:\/\/xuro.be\/#organization","name":"Xuro","url":"https:\/\/xuro.be\/","logo":{"@type":"ImageObject","inLanguage":"fr-FR","@id":"https:\/\/xuro.be\/#\/schema\/logo\/image\/","url":"https:\/\/xuro.be\/wp-content\/uploads\/2020\/11\/cropped-logodroittransp.png","contentUrl":"https:\/\/xuro.be\/wp-content\/uploads\/2020\/11\/cropped-logodroittransp.png","width":895,"height":282,"caption":"Xuro"},"image":{"@id":"https:\/\/xuro.be\/#\/schema\/logo\/image\/"},"sameAs":["https:\/\/www.facebook.com\/xuro3D","https:\/\/www.instagram.com\/xuro3d\/"]}]}},"_links":{"self":[{"href":"https:\/\/xuro.be\/index.php\/wp-json\/wp\/v2\/product\/1427","targetHints":{"allow":["GET"]}}],"collection":[{"href":"https:\/\/xuro.be\/index.php\/wp-json\/wp\/v2\/product"}],"about":[{"href":"https:\/\/xuro.be\/index.php\/wp-json\/wp\/v2\/types\/product"}],"version-history":[{"count":11,"href":"https:\/\/xuro.be\/index.php\/wp-json\/wp\/v2\/product\/1427\/revisions"}],"predecessor-version":[{"id":1565,"href":"https:\/\/xuro.be\/index.php\/wp-json\/wp\/v2\/product\/1427\/revisions\/1565"}],"wp:featuredmedia":[{"embeddable":true,"href":"https:\/\/xuro.be\/index.php\/wp-json\/wp\/v2\/media\/1461"}],"wp:attachment":[{"href":"https:\/\/xuro.be\/index.php\/wp-json\/wp\/v2\/media?parent=1427"}],"wp:term":[{"taxonomy":"product_brand","embeddable":true,"href":"https:\/\/xuro.be\/index.php\/wp-json\/wp\/v2\/product_brand?post=1427"},{"taxonomy":"product_cat","embeddable":true,"href":"https:\/\/xuro.be\/index.php\/wp-json\/wp\/v2\/product_cat?post=1427"},{"taxonomy":"product_tag","embeddable":true,"href":"https:\/\/xuro.be\/index.php\/wp-json\/wp\/v2\/product_tag?post=1427"}],"curies":[{"name":"wp","href":"https:\/\/api.w.org\/{rel}","templated":true}]}}