{"id":1374,"date":"2024-04-28T18:34:32","date_gmt":"2024-04-28T16:34:32","guid":{"rendered":"https:\/\/xuro.be\/?post_type=product&#038;p=1374"},"modified":"2024-08-04T20:04:53","modified_gmt":"2024-08-04T18:04:53","slug":"roulement-606","status":"publish","type":"product","link":"https:\/\/xuro.be\/index.php\/produit\/roulement-606\/","title":{"rendered":"Roulement 606"},"content":{"rendered":"<p>Attention : uniquement compatible avec la <a href=\"https:\/\/xuro.be\/index.php\/produit\/heighty-upgrade-roulement-606\/\">t\u00eate 606\u00a0<\/a><br \/>\nFourni avec 1 axe PETG 6mm + attache rapide<\/p>\n<h3>CARACT\u00c9RISTIQUES<\/h3>\n<ul>\n<li>Roulement d&rsquo;origine fiable et pr\u00e9cis<\/li>\n<li>Contr\u00f4l\u00e9 visuellement et \u00e0 la rotation avant envoi<\/li>\n<li>Hybride c\u00e9ramique<\/li>\n<\/ul>\n","protected":false},"excerpt":{"rendered":"<p>Roulement de remplacement pour 720 slider et 720 coiler.<\/p>\n","protected":false},"featured_media":1378,"template":"","meta":{"site-sidebar-layout":"default","site-content-layout":"default","ast-site-content-layout":"default","site-content-style":"default","site-sidebar-style":"default","ast-global-header-display":"","ast-banner-title-visibility":"","ast-main-header-display":"","ast-hfb-above-header-display":"","ast-hfb-below-header-display":"","ast-hfb-mobile-header-display":"","site-post-title":"","ast-breadcrumbs-content":"","ast-featured-img":"","footer-sml-layout":"","theme-transparent-header-meta":"default","adv-header-id-meta":"","stick-header-meta":"","header-above-stick-meta":"","header-main-stick-meta":"","header-below-stick-meta":"","astra-migrate-meta-layouts":"set","ast-page-background-enabled":"default","ast-page-background-meta":{"desktop":{"background-color":"","background-image":"","background-repeat":"repeat","background-position":"center center","background-size":"auto","background-attachment":"scroll","background-type":"","background-media":"","overlay-type":"","overlay-color":"","overlay-opacity":"","overlay-gradient":""},"tablet":{"background-color":"","background-image":"","background-repeat":"repeat","background-position":"center center","background-size":"auto","background-attachment":"scroll","background-type":"","background-media":"","overlay-type":"","overlay-color":"","overlay-opacity":"","overlay-gradient":""},"mobile":{"background-color":"","background-image":"","background-repeat":"repeat","background-position":"center center","background-size":"auto","background-attachment":"scroll","background-type":"","background-media":"","overlay-type":"","overlay-color":"","overlay-opacity":"","overlay-gradient":""}},"ast-content-background-meta":{"desktop":{"background-color":"var(--ast-global-color-5)","background-image":"","background-repeat":"repeat","background-position":"center center","background-size":"auto","background-attachment":"scroll","background-type":"","background-media":"","overlay-type":"","overlay-color":"","overlay-opacity":"","overlay-gradient":""},"tablet":{"background-color":"var(--ast-global-color-5)","background-image":"","background-repeat":"repeat","background-position":"center center","background-size":"auto","background-attachment":"scroll","background-type":"","background-media":"","overlay-type":"","overlay-color":"","overlay-opacity":"","overlay-gradient":""},"mobile":{"background-color":"var(--ast-global-color-5)","background-image":"","background-repeat":"repeat","background-position":"center center","background-size":"auto","background-attachment":"scroll","background-type":"","background-media":"","overlay-type":"","overlay-color":"","overlay-opacity":"","overlay-gradient":""}}},"product_brand":[],"product_cat":[25],"product_tag":[],"class_list":{"0":"post-1374","1":"product","2":"type-product","3":"status-publish","4":"has-post-thumbnail","6":"product_cat-spare-parts","7":"product_shipping_class-lettre","8":"desktop-align-left","9":"tablet-align-left","10":"mobile-align-left","12":"first","13":"outofstock","14":"shipping-taxable","15":"purchasable","16":"product-type-simple"},"yoast_head":"<!-- This site is optimized with the Yoast SEO plugin v27.3 - https:\/\/yoast.com\/product\/yoast-seo-wordpress\/ -->\n<title>Roulement 606 - Xuro - Outils pour coil building<\/title>\n<meta name=\"description\" content=\"Roulement de remplacement pour 720 slider et 720 coiler.\" \/>\n<meta name=\"robots\" content=\"index, follow, max-snippet:-1, max-image-preview:large, max-video-preview:-1\" \/>\n<link rel=\"canonical\" href=\"https:\/\/xuro.be\/index.php\/produit\/roulement-606\/\" \/>\n<meta property=\"og:locale\" content=\"fr_FR\" \/>\n<meta property=\"og:type\" content=\"article\" \/>\n<meta property=\"og:title\" content=\"Roulement 606 - Xuro - Outils pour coil building\" \/>\n<meta property=\"og:description\" content=\"Roulement de remplacement pour 720 slider et 720 coiler.\" \/>\n<meta property=\"og:url\" content=\"https:\/\/xuro.be\/index.php\/produit\/roulement-606\/\" \/>\n<meta property=\"og:site_name\" content=\"Xuro - Outils pour coil building\" \/>\n<meta property=\"article:publisher\" content=\"https:\/\/www.facebook.com\/xuro3D\" \/>\n<meta property=\"article:modified_time\" content=\"2024-08-04T18:04:53+00:00\" \/>\n<meta property=\"og:image\" content=\"https:\/\/xuro.be\/wp-content\/uploads\/2024\/04\/rou606.jpg\" \/>\n\t<meta property=\"og:image:width\" content=\"1000\" \/>\n\t<meta property=\"og:image:height\" content=\"1000\" \/>\n\t<meta property=\"og:image:type\" content=\"image\/jpeg\" \/>\n<meta name=\"twitter:card\" content=\"summary_large_image\" \/>\n<meta name=\"twitter:label1\" content=\"Dur\u00e9e de lecture estim\u00e9e\" \/>\n\t<meta name=\"twitter:data1\" content=\"1 minute\" \/>\n<script type=\"application\/ld+json\" class=\"yoast-schema-graph\">{\"@context\":\"https:\\\/\\\/schema.org\",\"@graph\":[{\"@type\":\"WebPage\",\"@id\":\"https:\\\/\\\/xuro.be\\\/index.php\\\/produit\\\/roulement-606\\\/\",\"url\":\"https:\\\/\\\/xuro.be\\\/index.php\\\/produit\\\/roulement-606\\\/\",\"name\":\"Roulement 606 - Xuro - Outils pour coil building\",\"isPartOf\":{\"@id\":\"https:\\\/\\\/xuro.be\\\/#website\"},\"primaryImageOfPage\":{\"@id\":\"https:\\\/\\\/xuro.be\\\/index.php\\\/produit\\\/roulement-606\\\/#primaryimage\"},\"image\":{\"@id\":\"https:\\\/\\\/xuro.be\\\/index.php\\\/produit\\\/roulement-606\\\/#primaryimage\"},\"thumbnailUrl\":\"https:\\\/\\\/xuro.be\\\/wp-content\\\/uploads\\\/2024\\\/04\\\/rou606.jpg\",\"datePublished\":\"2024-04-28T16:34:32+00:00\",\"dateModified\":\"2024-08-04T18:04:53+00:00\",\"description\":\"Roulement de remplacement pour 720 slider et 720 coiler.\",\"breadcrumb\":{\"@id\":\"https:\\\/\\\/xuro.be\\\/index.php\\\/produit\\\/roulement-606\\\/#breadcrumb\"},\"inLanguage\":\"fr-FR\",\"potentialAction\":[{\"@type\":\"ReadAction\",\"target\":[\"https:\\\/\\\/xuro.be\\\/index.php\\\/produit\\\/roulement-606\\\/\"]}]},{\"@type\":\"ImageObject\",\"inLanguage\":\"fr-FR\",\"@id\":\"https:\\\/\\\/xuro.be\\\/index.php\\\/produit\\\/roulement-606\\\/#primaryimage\",\"url\":\"https:\\\/\\\/xuro.be\\\/wp-content\\\/uploads\\\/2024\\\/04\\\/rou606.jpg\",\"contentUrl\":\"https:\\\/\\\/xuro.be\\\/wp-content\\\/uploads\\\/2024\\\/04\\\/rou606.jpg\",\"width\":1000,\"height\":1000},{\"@type\":\"BreadcrumbList\",\"@id\":\"https:\\\/\\\/xuro.be\\\/index.php\\\/produit\\\/roulement-606\\\/#breadcrumb\",\"itemListElement\":[{\"@type\":\"ListItem\",\"position\":1,\"name\":\"Accueil\",\"item\":\"https:\\\/\\\/xuro.be\\\/\"},{\"@type\":\"ListItem\",\"position\":2,\"name\":\"Nos produits\",\"item\":\"https:\\\/\\\/xuro.be\\\/index.php\\\/boutique\\\/\"},{\"@type\":\"ListItem\",\"position\":3,\"name\":\"Roulement 606\"}]},{\"@type\":\"WebSite\",\"@id\":\"https:\\\/\\\/xuro.be\\\/#website\",\"url\":\"https:\\\/\\\/xuro.be\\\/\",\"name\":\"Xuro - Outils pour coil building\",\"description\":\"Nous proposons une large gamme d&#039;outils pour faciliter la fabrication de r\u00e9sistances.\",\"publisher\":{\"@id\":\"https:\\\/\\\/xuro.be\\\/#organization\"},\"potentialAction\":[{\"@type\":\"SearchAction\",\"target\":{\"@type\":\"EntryPoint\",\"urlTemplate\":\"https:\\\/\\\/xuro.be\\\/?s={search_term_string}\"},\"query-input\":{\"@type\":\"PropertyValueSpecification\",\"valueRequired\":true,\"valueName\":\"search_term_string\"}}],\"inLanguage\":\"fr-FR\"},{\"@type\":\"Organization\",\"@id\":\"https:\\\/\\\/xuro.be\\\/#organization\",\"name\":\"Xuro\",\"url\":\"https:\\\/\\\/xuro.be\\\/\",\"logo\":{\"@type\":\"ImageObject\",\"inLanguage\":\"fr-FR\",\"@id\":\"https:\\\/\\\/xuro.be\\\/#\\\/schema\\\/logo\\\/image\\\/\",\"url\":\"https:\\\/\\\/xuro.be\\\/wp-content\\\/uploads\\\/2020\\\/11\\\/cropped-logodroittransp.png\",\"contentUrl\":\"https:\\\/\\\/xuro.be\\\/wp-content\\\/uploads\\\/2020\\\/11\\\/cropped-logodroittransp.png\",\"width\":895,\"height\":282,\"caption\":\"Xuro\"},\"image\":{\"@id\":\"https:\\\/\\\/xuro.be\\\/#\\\/schema\\\/logo\\\/image\\\/\"},\"sameAs\":[\"https:\\\/\\\/www.facebook.com\\\/xuro3D\",\"https:\\\/\\\/www.instagram.com\\\/xuro3d\\\/\"]}]}<\/script>\n<!-- \/ Yoast SEO plugin. -->","yoast_head_json":{"title":"Roulement 606 - Xuro - Outils pour coil building","description":"Roulement de remplacement pour 720 slider et 720 coiler.","robots":{"index":"index","follow":"follow","max-snippet":"max-snippet:-1","max-image-preview":"max-image-preview:large","max-video-preview":"max-video-preview:-1"},"canonical":"https:\/\/xuro.be\/index.php\/produit\/roulement-606\/","og_locale":"fr_FR","og_type":"article","og_title":"Roulement 606 - Xuro - Outils pour coil building","og_description":"Roulement de remplacement pour 720 slider et 720 coiler.","og_url":"https:\/\/xuro.be\/index.php\/produit\/roulement-606\/","og_site_name":"Xuro - Outils pour coil building","article_publisher":"https:\/\/www.facebook.com\/xuro3D","article_modified_time":"2024-08-04T18:04:53+00:00","og_image":[{"width":1000,"height":1000,"url":"https:\/\/xuro.be\/wp-content\/uploads\/2024\/04\/rou606.jpg","type":"image\/jpeg"}],"twitter_card":"summary_large_image","twitter_misc":{"Dur\u00e9e de lecture estim\u00e9e":"1 minute"},"schema":{"@context":"https:\/\/schema.org","@graph":[{"@type":"WebPage","@id":"https:\/\/xuro.be\/index.php\/produit\/roulement-606\/","url":"https:\/\/xuro.be\/index.php\/produit\/roulement-606\/","name":"Roulement 606 - Xuro - Outils pour coil building","isPartOf":{"@id":"https:\/\/xuro.be\/#website"},"primaryImageOfPage":{"@id":"https:\/\/xuro.be\/index.php\/produit\/roulement-606\/#primaryimage"},"image":{"@id":"https:\/\/xuro.be\/index.php\/produit\/roulement-606\/#primaryimage"},"thumbnailUrl":"https:\/\/xuro.be\/wp-content\/uploads\/2024\/04\/rou606.jpg","datePublished":"2024-04-28T16:34:32+00:00","dateModified":"2024-08-04T18:04:53+00:00","description":"Roulement de remplacement pour 720 slider et 720 coiler.","breadcrumb":{"@id":"https:\/\/xuro.be\/index.php\/produit\/roulement-606\/#breadcrumb"},"inLanguage":"fr-FR","potentialAction":[{"@type":"ReadAction","target":["https:\/\/xuro.be\/index.php\/produit\/roulement-606\/"]}]},{"@type":"ImageObject","inLanguage":"fr-FR","@id":"https:\/\/xuro.be\/index.php\/produit\/roulement-606\/#primaryimage","url":"https:\/\/xuro.be\/wp-content\/uploads\/2024\/04\/rou606.jpg","contentUrl":"https:\/\/xuro.be\/wp-content\/uploads\/2024\/04\/rou606.jpg","width":1000,"height":1000},{"@type":"BreadcrumbList","@id":"https:\/\/xuro.be\/index.php\/produit\/roulement-606\/#breadcrumb","itemListElement":[{"@type":"ListItem","position":1,"name":"Accueil","item":"https:\/\/xuro.be\/"},{"@type":"ListItem","position":2,"name":"Nos produits","item":"https:\/\/xuro.be\/index.php\/boutique\/"},{"@type":"ListItem","position":3,"name":"Roulement 606"}]},{"@type":"WebSite","@id":"https:\/\/xuro.be\/#website","url":"https:\/\/xuro.be\/","name":"Xuro - Outils pour coil building","description":"Nous proposons une large gamme d&#039;outils pour faciliter la fabrication de r\u00e9sistances.","publisher":{"@id":"https:\/\/xuro.be\/#organization"},"potentialAction":[{"@type":"SearchAction","target":{"@type":"EntryPoint","urlTemplate":"https:\/\/xuro.be\/?s={search_term_string}"},"query-input":{"@type":"PropertyValueSpecification","valueRequired":true,"valueName":"search_term_string"}}],"inLanguage":"fr-FR"},{"@type":"Organization","@id":"https:\/\/xuro.be\/#organization","name":"Xuro","url":"https:\/\/xuro.be\/","logo":{"@type":"ImageObject","inLanguage":"fr-FR","@id":"https:\/\/xuro.be\/#\/schema\/logo\/image\/","url":"https:\/\/xuro.be\/wp-content\/uploads\/2020\/11\/cropped-logodroittransp.png","contentUrl":"https:\/\/xuro.be\/wp-content\/uploads\/2020\/11\/cropped-logodroittransp.png","width":895,"height":282,"caption":"Xuro"},"image":{"@id":"https:\/\/xuro.be\/#\/schema\/logo\/image\/"},"sameAs":["https:\/\/www.facebook.com\/xuro3D","https:\/\/www.instagram.com\/xuro3d\/"]}]}},"_links":{"self":[{"href":"https:\/\/xuro.be\/index.php\/wp-json\/wp\/v2\/product\/1374","targetHints":{"allow":["GET"]}}],"collection":[{"href":"https:\/\/xuro.be\/index.php\/wp-json\/wp\/v2\/product"}],"about":[{"href":"https:\/\/xuro.be\/index.php\/wp-json\/wp\/v2\/types\/product"}],"version-history":[{"count":2,"href":"https:\/\/xuro.be\/index.php\/wp-json\/wp\/v2\/product\/1374\/revisions"}],"predecessor-version":[{"id":1404,"href":"https:\/\/xuro.be\/index.php\/wp-json\/wp\/v2\/product\/1374\/revisions\/1404"}],"wp:featuredmedia":[{"embeddable":true,"href":"https:\/\/xuro.be\/index.php\/wp-json\/wp\/v2\/media\/1378"}],"wp:attachment":[{"href":"https:\/\/xuro.be\/index.php\/wp-json\/wp\/v2\/media?parent=1374"}],"wp:term":[{"taxonomy":"product_brand","embeddable":true,"href":"https:\/\/xuro.be\/index.php\/wp-json\/wp\/v2\/product_brand?post=1374"},{"taxonomy":"product_cat","embeddable":true,"href":"https:\/\/xuro.be\/index.php\/wp-json\/wp\/v2\/product_cat?post=1374"},{"taxonomy":"product_tag","embeddable":true,"href":"https:\/\/xuro.be\/index.php\/wp-json\/wp\/v2\/product_tag?post=1374"}],"curies":[{"name":"wp","href":"https:\/\/api.w.org\/{rel}","templated":true}]}}