{"id":291,"date":"2020-11-16T21:00:39","date_gmt":"2020-11-16T20:00:39","guid":{"rendered":"https:\/\/xuro.be\/wordpress\/index.php\/page-daccueil\/"},"modified":"2022-08-27T21:38:02","modified_gmt":"2022-08-27T19:38:02","slug":"page-daccueil","status":"publish","type":"page","link":"https:\/\/xuro.be\/index.php\/page-daccueil\/","title":{"rendered":"Xuro &#8211; Outils pour coil building"},"content":{"rendered":"<div data-block-name=\"woocommerce\/featured-product\" data-edit-mode=\"false\" data-focal-point=\"{&quot;x&quot;:&quot;0.51&quot;,&quot;y&quot;:&quot;0.25&quot;}\" data-image-fit=\"cover\" data-overlay-color=\"var(--ast-global-color-5)\" data-product-id=\"140\" data-text-color=\"ast-global-color-1\" class=\"wc-block-featured-product alignnone has-background-dim has-text-color has-ast-global-color-1-color wp-block-woocommerce-featured-product\" style=\"min-height:500px;\"><div class=\"wc-block-featured-product__wrapper\"><div class=\"background-dim__overlay\" style=\"background-color: var(--ast-global-color-5)\"><\/div><img decoding=\"async\" alt=\"Kit complet - 720 Slider\" class=\"wc-block-featured-product__background-image\" src=\"https:\/\/xuro.be\/wp-content\/uploads\/2022\/08\/kit-hauteur-rouaimant.jpg\" style=\"object-fit: cover;object-position: 51% 25%;\" \/><h2 class=\"wc-block-featured-product__title\">Kit complet &#8211; 720 Slider<\/h2><h3 class=\"wc-block-featured-product__variation\">Chariot: Avec gestion de la hauteur (+5\u20ac), Type de rotation: Roulement &amp; Aimant (+18\u20ac)<\/h3><div class=\"wc-block-featured-product__description\"><\/div><div class=\"wc-block-featured-product__price\"><del aria-hidden=\"true\"><span class=\"woocommerce-Price-amount amount\"><span class=\"woocommerce-Price-currencySymbol\">&euro;<\/span>&nbsp;96,90<\/span><\/del> <span class=\"screen-reader-text\">Le prix initial \u00e9tait\u00a0: &euro;&nbsp;96,90.<\/span><ins aria-hidden=\"true\"><span class=\"woocommerce-Price-amount amount\"><span class=\"woocommerce-Price-currencySymbol\">&euro;<\/span>&nbsp;94,90<\/span><\/ins><span class=\"screen-reader-text\">Le prix actuel est\u00a0: &euro;&nbsp;94,90.<\/span><\/div><div class=\"wc-block-featured-product__inner-blocks\">\n\n<div class=\"wp-block-buttons is-content-justification-center is-layout-flex wp-container-core-buttons-is-layout-a89b3969 wp-block-buttons-is-layout-flex\">\n<div class=\"wp-block-button\"><a class=\"wp-block-button__link\" href=\"https:\/\/xuro.be\/index.php\/produit\/kit-complet-720-slider\/?attribute_chariot=Avec+gestion+de+la+hauteur+%28%2B5%E2%82%AC%29&amp;attribute_type-de-rotation=Roulement+%26+Aimant+%28%2B18%E2%82%AC%29\">Acheter maintenant<\/a><\/div>\n<\/div>\n\n<\/div><\/div><\/div>\n\n<p style=\"text-align: center;\">Depuis 2017, chez Xuro nous concevons des <span style=\"color: #157cd6;\">outils pour fabrication de coils <\/span>r\u00e9pondant \u00e0 tous les besoins !<br>Que vous soyez coil maker d\u00e9butant ou professionnel, vous trouverez tout l&rsquo;\u00e9quipement qu&rsquo;il vous faut. Nous proposons des kit d&rsquo;outil pour coil building, ainsi que de nombreux accessoires.<br>Avec ces <strong><span style=\"color: #157cd6;\">4 ann\u00e9es d&rsquo;exp\u00e9rience<\/span><\/strong>, les outils ont \u00e9t\u00e9s utilis\u00e9s de mani\u00e8re intensive et rigoureuse, tant par des novices que des <strong>coils builders exp\u00e9riment\u00e9s<\/strong>. <br>De plus, \u00e0 chaque retour d&rsquo;utilisateur, les remarques sont \u00e9tudi\u00e9es, nous am\u00e9liorons donc les outils en continu <strong>!<\/strong><span style=\"color: #157cd6;\"><strong><br><\/strong><\/span><\/p>\n<p style=\"text-align: center;\"><strong><span style=\"color: #000000;\">Tous nos outils sont pens\u00e9s, mod\u00e9lis\u00e9s, imprim\u00e9s et assembl\u00e9s \u00e0 la main en Belgique.<\/span><\/strong><\/p>\n<p style=\"text-align: center;\"><a href=\"https:\/\/xuro.be\/index.php\/faq-questions-posees-frequemment\/\"><strong>Des questions ? N&rsquo;h\u00e9sitez pas \u00e0 lire notre FAQ.<\/strong><\/a><br>Vous pouvez \u00e9galement rejoindre notre <a href=\"https:\/\/www.facebook.com\/groups\/130775447584089\">groupe Facebook<\/a> pour d\u00e9couvrir nos nouveaut\u00e9s et pouvoir \u00e9changer sur le coil build !&nbsp;<\/p>\n\n\n<hr class=\"wp-block-separator has-text-color has-cyan-bluish-gray-color has-css-opacity has-cyan-bluish-gray-background-color has-background is-style-default\"\/>\n\n\n<div class=\"woocommerce columns-3\"><ul class=\"products columns-3\">\n<li class=\"product-category product first\">\n\t<a aria-label=\"Acc\u00e9der \u00e0 la cat\u00e9gorie de produits 720 Slider\" href=\"https:\/\/xuro.be\/index.php\/categorie-produit\/720-slider\/\"><img fetchpriority=\"high\" decoding=\"async\" src=\"https:\/\/xuro.be\/wp-content\/uploads\/2024\/07\/608-300x300.jpg\" alt=\"720 Slider\" width=\"300\" height=\"300\" srcset=\"https:\/\/xuro.be\/wp-content\/uploads\/2024\/07\/608-300x300.jpg 300w, https:\/\/xuro.be\/wp-content\/uploads\/2024\/07\/608-150x150.jpg 150w, https:\/\/xuro.be\/wp-content\/uploads\/2024\/07\/608-768x768.jpg 768w, https:\/\/xuro.be\/wp-content\/uploads\/2024\/07\/608-600x600.jpg 600w, https:\/\/xuro.be\/wp-content\/uploads\/2024\/07\/608-100x100.jpg 100w, https:\/\/xuro.be\/wp-content\/uploads\/2024\/07\/608.jpg 1000w\" sizes=\"(max-width: 300px) 100vw, 300px\" \/>\t\t<h2 class=\"woocommerce-loop-category__title\">\n\t\t\t720 Slider<mark class=\"count\">9 produits<\/mark>\t\t<\/h2>\n\t\t<\/a><\/li>\n<li class=\"product-category product\">\n\t<a aria-label=\"Acc\u00e9der \u00e0 la cat\u00e9gorie de produits Accessoires\" href=\"https:\/\/xuro.be\/index.php\/categorie-produit\/accessoires\/\"><img decoding=\"async\" src=\"https:\/\/xuro.be\/wp-content\/uploads\/2022\/05\/contenu-300x300.jpg\" alt=\"Accessoires\" width=\"300\" height=\"300\" srcset=\"https:\/\/xuro.be\/wp-content\/uploads\/2022\/05\/contenu-300x300.jpg 300w, https:\/\/xuro.be\/wp-content\/uploads\/2022\/05\/contenu-150x150.jpg 150w, https:\/\/xuro.be\/wp-content\/uploads\/2022\/05\/contenu-768x768.jpg 768w, https:\/\/xuro.be\/wp-content\/uploads\/2022\/05\/contenu-600x600.jpg 600w, https:\/\/xuro.be\/wp-content\/uploads\/2022\/05\/contenu-100x100.jpg 100w, https:\/\/xuro.be\/wp-content\/uploads\/2022\/05\/contenu.jpg 1000w\" sizes=\"(max-width: 300px) 100vw, 300px\" \/>\t\t<h2 class=\"woocommerce-loop-category__title\">\n\t\t\tAccessoires<mark class=\"count\">4 produits<\/mark>\t\t<\/h2>\n\t\t<\/a><\/li>\n<\/ul>\n<\/div>\n","protected":false},"excerpt":{"rendered":"<p>Depuis 2017, chez Xuro nous concevons des outils pour fabrication de coils r\u00e9pondant \u00e0 tous les besoins !Que vous soyez coil maker d\u00e9butant ou professionnel, vous trouverez tout l&rsquo;\u00e9quipement qu&rsquo;il vous faut. Nous proposons des kit d&rsquo;outil pour coil building, ainsi que de nombreux accessoires.Avec ces 4 ann\u00e9es d&rsquo;exp\u00e9rience, les outils ont \u00e9t\u00e9s utilis\u00e9s de [&hellip;]<\/p>\n","protected":false},"author":1,"featured_media":0,"parent":0,"menu_order":0,"comment_status":"closed","ping_status":"closed","template":"","meta":{"site-sidebar-layout":"default","site-content-layout":"default","ast-site-content-layout":"","site-content-style":"default","site-sidebar-style":"default","ast-global-header-display":"","ast-banner-title-visibility":"","ast-main-header-display":"","ast-hfb-above-header-display":"","ast-hfb-below-header-display":"","ast-hfb-mobile-header-display":"","site-post-title":"disabled","ast-breadcrumbs-content":"","ast-featured-img":"","footer-sml-layout":"","theme-transparent-header-meta":"default","adv-header-id-meta":"","stick-header-meta":"","header-above-stick-meta":"","header-main-stick-meta":"","header-below-stick-meta":"","astra-migrate-meta-layouts":"default","ast-page-background-enabled":"default","ast-page-background-meta":{"desktop":{"background-color":"","background-image":"","background-repeat":"repeat","background-position":"center center","background-size":"auto","background-attachment":"scroll","background-type":"","background-media":"","overlay-type":"","overlay-color":"","overlay-opacity":"","overlay-gradient":""},"tablet":{"background-color":"","background-image":"","background-repeat":"repeat","background-position":"center center","background-size":"auto","background-attachment":"scroll","background-type":"","background-media":"","overlay-type":"","overlay-color":"","overlay-opacity":"","overlay-gradient":""},"mobile":{"background-color":"","background-image":"","background-repeat":"repeat","background-position":"center center","background-size":"auto","background-attachment":"scroll","background-type":"","background-media":"","overlay-type":"","overlay-color":"","overlay-opacity":"","overlay-gradient":""}},"ast-content-background-meta":{"desktop":{"background-color":"var(--ast-global-color-5)","background-image":"","background-repeat":"repeat","background-position":"center center","background-size":"auto","background-attachment":"scroll","background-type":"","background-media":"","overlay-type":"","overlay-color":"","overlay-opacity":"","overlay-gradient":""},"tablet":{"background-color":"var(--ast-global-color-5)","background-image":"","background-repeat":"repeat","background-position":"center center","background-size":"auto","background-attachment":"scroll","background-type":"","background-media":"","overlay-type":"","overlay-color":"","overlay-opacity":"","overlay-gradient":""},"mobile":{"background-color":"var(--ast-global-color-5)","background-image":"","background-repeat":"repeat","background-position":"center center","background-size":"auto","background-attachment":"scroll","background-type":"","background-media":"","overlay-type":"","overlay-color":"","overlay-opacity":"","overlay-gradient":""}},"footnotes":""},"class_list":["post-291","page","type-page","status-publish","hentry"],"yoast_head":"<!-- This site is optimized with the Yoast SEO plugin v27.5 - https:\/\/yoast.com\/product\/yoast-seo-wordpress\/ -->\n<title>Xuro - Outils pour coil building fabriqu\u00e9s en Belgique depuis 2017 !<\/title>\n<meta name=\"description\" content=\"Depuis 2017, nous proposons un gamme d&#039;outils pour fabrication de coil, ou coil building, du fused, \u00e0 l&#039;alien, staggered et bien plus !\" \/>\n<meta name=\"robots\" content=\"index, follow, max-snippet:-1, max-image-preview:large, max-video-preview:-1\" \/>\n<link rel=\"canonical\" href=\"https:\/\/xuro.be\/index.php\/page-daccueil\/\" \/>\n<meta property=\"og:locale\" content=\"fr_FR\" \/>\n<meta property=\"og:type\" content=\"article\" \/>\n<meta property=\"og:title\" content=\"Xuro - Outils pour coil building\" \/>\n<meta property=\"og:description\" content=\"Depuis 2017, nous proposons un gamme d&#039;outils pour fabrication de coil, ou coil building, du fused, \u00e0 l&#039;alien, staggered et bien plus !\" \/>\n<meta property=\"og:url\" content=\"https:\/\/xuro.be\/index.php\/page-daccueil\/\" \/>\n<meta property=\"og:site_name\" content=\"Xuro - Outils pour coil building\" \/>\n<meta property=\"article:publisher\" content=\"https:\/\/www.facebook.com\/xuro3D\" \/>\n<meta property=\"article:modified_time\" content=\"2022-08-27T19:38:02+00:00\" \/>\n<meta property=\"og:image\" content=\"https:\/\/xuro.be\/wp-content\/uploads\/2020\/11\/kit720heightylevito-1.jpg\" \/>\n\t<meta property=\"og:image:width\" content=\"1000\" \/>\n\t<meta property=\"og:image:height\" content=\"1000\" \/>\n\t<meta property=\"og:image:type\" content=\"image\/jpeg\" \/>\n<meta name=\"twitter:card\" content=\"summary_large_image\" \/>\n<meta name=\"twitter:title\" content=\"Xuro - Outils pour coil building\" \/>\n<meta name=\"twitter:description\" content=\"Depuis 2017, nous proposons un gamme d&#039;outils pour fabrication de coil, ou coil building, du fused, \u00e0 l&#039;alien, staggered et bien plus !\" \/>\n<meta name=\"twitter:image\" content=\"https:\/\/xuro.be\/wp-content\/uploads\/2020\/11\/kit720heightylevito-1.jpg\" \/>\n<meta name=\"twitter:label1\" content=\"Dur\u00e9e de lecture estim\u00e9e\" \/>\n\t<meta name=\"twitter:data1\" content=\"1 minute\" \/>\n<script type=\"application\/ld+json\" class=\"yoast-schema-graph\">{\"@context\":\"https:\\\/\\\/schema.org\",\"@graph\":[{\"@type\":\"WebPage\",\"@id\":\"https:\\\/\\\/xuro.be\\\/index.php\\\/page-daccueil\\\/\",\"url\":\"https:\\\/\\\/xuro.be\\\/index.php\\\/page-daccueil\\\/\",\"name\":\"Xuro - Outils pour coil building fabriqu\u00e9s en Belgique depuis 2017 !\",\"isPartOf\":{\"@id\":\"https:\\\/\\\/xuro.be\\\/#website\"},\"datePublished\":\"2020-11-16T20:00:39+00:00\",\"dateModified\":\"2022-08-27T19:38:02+00:00\",\"description\":\"Depuis 2017, nous proposons un gamme d'outils pour fabrication de coil, ou coil building, du fused, \u00e0 l'alien, staggered et bien plus !\",\"breadcrumb\":{\"@id\":\"https:\\\/\\\/xuro.be\\\/index.php\\\/page-daccueil\\\/#breadcrumb\"},\"inLanguage\":\"fr-FR\",\"potentialAction\":[{\"@type\":\"ReadAction\",\"target\":[\"https:\\\/\\\/xuro.be\\\/index.php\\\/page-daccueil\\\/\"]}]},{\"@type\":\"BreadcrumbList\",\"@id\":\"https:\\\/\\\/xuro.be\\\/index.php\\\/page-daccueil\\\/#breadcrumb\",\"itemListElement\":[{\"@type\":\"ListItem\",\"position\":1,\"name\":\"Accueil\",\"item\":\"https:\\\/\\\/xuro.be\\\/\"},{\"@type\":\"ListItem\",\"position\":2,\"name\":\"Xuro &#8211; Outils pour coil building\"}]},{\"@type\":\"WebSite\",\"@id\":\"https:\\\/\\\/xuro.be\\\/#website\",\"url\":\"https:\\\/\\\/xuro.be\\\/\",\"name\":\"Xuro - Outils pour coil building\",\"description\":\"Nous proposons une large gamme d&#039;outils pour faciliter la fabrication de r\u00e9sistances.\",\"publisher\":{\"@id\":\"https:\\\/\\\/xuro.be\\\/#organization\"},\"potentialAction\":[{\"@type\":\"SearchAction\",\"target\":{\"@type\":\"EntryPoint\",\"urlTemplate\":\"https:\\\/\\\/xuro.be\\\/?s={search_term_string}\"},\"query-input\":{\"@type\":\"PropertyValueSpecification\",\"valueRequired\":true,\"valueName\":\"search_term_string\"}}],\"inLanguage\":\"fr-FR\"},{\"@type\":\"Organization\",\"@id\":\"https:\\\/\\\/xuro.be\\\/#organization\",\"name\":\"Xuro\",\"url\":\"https:\\\/\\\/xuro.be\\\/\",\"logo\":{\"@type\":\"ImageObject\",\"inLanguage\":\"fr-FR\",\"@id\":\"https:\\\/\\\/xuro.be\\\/#\\\/schema\\\/logo\\\/image\\\/\",\"url\":\"https:\\\/\\\/xuro.be\\\/wp-content\\\/uploads\\\/2020\\\/11\\\/cropped-logodroittransp.png\",\"contentUrl\":\"https:\\\/\\\/xuro.be\\\/wp-content\\\/uploads\\\/2020\\\/11\\\/cropped-logodroittransp.png\",\"width\":895,\"height\":282,\"caption\":\"Xuro\"},\"image\":{\"@id\":\"https:\\\/\\\/xuro.be\\\/#\\\/schema\\\/logo\\\/image\\\/\"},\"sameAs\":[\"https:\\\/\\\/www.facebook.com\\\/xuro3D\",\"https:\\\/\\\/www.instagram.com\\\/xuro3d\\\/\"]}]}<\/script>\n<!-- \/ Yoast SEO plugin. -->","yoast_head_json":{"title":"Xuro - Outils pour coil building fabriqu\u00e9s en Belgique depuis 2017 !","description":"Depuis 2017, nous proposons un gamme d'outils pour fabrication de coil, ou coil building, du fused, \u00e0 l'alien, staggered et bien plus !","robots":{"index":"index","follow":"follow","max-snippet":"max-snippet:-1","max-image-preview":"max-image-preview:large","max-video-preview":"max-video-preview:-1"},"canonical":"https:\/\/xuro.be\/index.php\/page-daccueil\/","og_locale":"fr_FR","og_type":"article","og_title":"Xuro - Outils pour coil building","og_description":"Depuis 2017, nous proposons un gamme d'outils pour fabrication de coil, ou coil building, du fused, \u00e0 l'alien, staggered et bien plus !","og_url":"https:\/\/xuro.be\/index.php\/page-daccueil\/","og_site_name":"Xuro - Outils pour coil building","article_publisher":"https:\/\/www.facebook.com\/xuro3D","article_modified_time":"2022-08-27T19:38:02+00:00","og_image":[{"width":1000,"height":1000,"url":"https:\/\/xuro.be\/wp-content\/uploads\/2020\/11\/kit720heightylevito-1.jpg","type":"image\/jpeg"}],"twitter_card":"summary_large_image","twitter_title":"Xuro - Outils pour coil building","twitter_description":"Depuis 2017, nous proposons un gamme d'outils pour fabrication de coil, ou coil building, du fused, \u00e0 l'alien, staggered et bien plus !","twitter_image":"https:\/\/xuro.be\/wp-content\/uploads\/2020\/11\/kit720heightylevito-1.jpg","twitter_misc":{"Dur\u00e9e de lecture estim\u00e9e":"1 minute"},"schema":{"@context":"https:\/\/schema.org","@graph":[{"@type":"WebPage","@id":"https:\/\/xuro.be\/index.php\/page-daccueil\/","url":"https:\/\/xuro.be\/index.php\/page-daccueil\/","name":"Xuro - Outils pour coil building fabriqu\u00e9s en Belgique depuis 2017 !","isPartOf":{"@id":"https:\/\/xuro.be\/#website"},"datePublished":"2020-11-16T20:00:39+00:00","dateModified":"2022-08-27T19:38:02+00:00","description":"Depuis 2017, nous proposons un gamme d'outils pour fabrication de coil, ou coil building, du fused, \u00e0 l'alien, staggered et bien plus !","breadcrumb":{"@id":"https:\/\/xuro.be\/index.php\/page-daccueil\/#breadcrumb"},"inLanguage":"fr-FR","potentialAction":[{"@type":"ReadAction","target":["https:\/\/xuro.be\/index.php\/page-daccueil\/"]}]},{"@type":"BreadcrumbList","@id":"https:\/\/xuro.be\/index.php\/page-daccueil\/#breadcrumb","itemListElement":[{"@type":"ListItem","position":1,"name":"Accueil","item":"https:\/\/xuro.be\/"},{"@type":"ListItem","position":2,"name":"Xuro &#8211; Outils pour coil building"}]},{"@type":"WebSite","@id":"https:\/\/xuro.be\/#website","url":"https:\/\/xuro.be\/","name":"Xuro - Outils pour coil building","description":"Nous proposons une large gamme d&#039;outils pour faciliter la fabrication de r\u00e9sistances.","publisher":{"@id":"https:\/\/xuro.be\/#organization"},"potentialAction":[{"@type":"SearchAction","target":{"@type":"EntryPoint","urlTemplate":"https:\/\/xuro.be\/?s={search_term_string}"},"query-input":{"@type":"PropertyValueSpecification","valueRequired":true,"valueName":"search_term_string"}}],"inLanguage":"fr-FR"},{"@type":"Organization","@id":"https:\/\/xuro.be\/#organization","name":"Xuro","url":"https:\/\/xuro.be\/","logo":{"@type":"ImageObject","inLanguage":"fr-FR","@id":"https:\/\/xuro.be\/#\/schema\/logo\/image\/","url":"https:\/\/xuro.be\/wp-content\/uploads\/2020\/11\/cropped-logodroittransp.png","contentUrl":"https:\/\/xuro.be\/wp-content\/uploads\/2020\/11\/cropped-logodroittransp.png","width":895,"height":282,"caption":"Xuro"},"image":{"@id":"https:\/\/xuro.be\/#\/schema\/logo\/image\/"},"sameAs":["https:\/\/www.facebook.com\/xuro3D","https:\/\/www.instagram.com\/xuro3d\/"]}]}},"_links":{"self":[{"href":"https:\/\/xuro.be\/index.php\/wp-json\/wp\/v2\/pages\/291","targetHints":{"allow":["GET"]}}],"collection":[{"href":"https:\/\/xuro.be\/index.php\/wp-json\/wp\/v2\/pages"}],"about":[{"href":"https:\/\/xuro.be\/index.php\/wp-json\/wp\/v2\/types\/page"}],"author":[{"embeddable":true,"href":"https:\/\/xuro.be\/index.php\/wp-json\/wp\/v2\/users\/1"}],"replies":[{"embeddable":true,"href":"https:\/\/xuro.be\/index.php\/wp-json\/wp\/v2\/comments?post=291"}],"version-history":[{"count":38,"href":"https:\/\/xuro.be\/index.php\/wp-json\/wp\/v2\/pages\/291\/revisions"}],"predecessor-version":[{"id":1197,"href":"https:\/\/xuro.be\/index.php\/wp-json\/wp\/v2\/pages\/291\/revisions\/1197"}],"wp:attachment":[{"href":"https:\/\/xuro.be\/index.php\/wp-json\/wp\/v2\/media?parent=291"}],"curies":[{"name":"wp","href":"https:\/\/api.w.org\/{rel}","templated":true}]}}